{"id":5403,"date":"2022-10-27T11:36:04","date_gmt":"2022-10-27T11:36:04","guid":{"rendered":"https:\/\/letsgonotes.com\/blog\/"},"modified":"2024-10-07T07:18:37","modified_gmt":"2024-10-07T07:18:37","slug":"blog","status":"publish","type":"page","link":"https:\/\/letsgonotes.com\/de\/blog\/","title":{"rendered":"Blog"},"content":{"rendered":"<p>[et_pb_section fb_built=&#8220;1&#8243; _builder_version=&#8220;4.18.0&#8243; _module_preset=&#8220;default&#8220; da_disable_devices=&#8220;off|off|off&#8220; global_colors_info=&#8220;{}&#8220; da_is_popup=&#8220;off&#8220; da_exit_intent=&#8220;off&#8220; da_has_close=&#8220;on&#8220; da_alt_close=&#8220;off&#8220; da_dark_close=&#8220;off&#8220; da_not_modal=&#8220;on&#8220; da_is_singular=&#8220;off&#8220; da_with_loader=&#8220;off&#8220; da_has_shadow=&#8220;on&#8220;][et_pb_row _builder_version=&#8220;4.20.4&#8243; _module_preset=&#8220;default&#8220; locked=&#8220;off&#8220; global_colors_info=&#8220;{}&#8220;][et_pb_column type=&#8220;4_4&#8243; _builder_version=&#8220;4.20.4&#8243; _module_preset=&#8220;default&#8220; global_colors_info=&#8220;{}&#8220;][et_pb_divider show_divider=&#8220;off&#8220; _builder_version=&#8220;4.20.4&#8243; _module_preset=&#8220;default&#8220; background_color=&#8220;RGBA(255,255,255,0)&#8220; min_height=&#8220;25px&#8220; height=&#8220;25px&#8220; max_height=&#8220;25px&#8220; hover_enabled=&#8220;0&#8243; global_colors_info=&#8220;{}&#8220; sticky_enabled=&#8220;0&#8243;][\/et_pb_divider][\/et_pb_column][\/et_pb_row][\/et_pb_section][et_pb_section fb_built=&#8220;1&#8243; _builder_version=&#8220;4.18.0&#8243; _module_preset=&#8220;default&#8220; custom_margin=&#8220;-134px||64px||false|false&#8220; custom_margin_tablet=&#8220;-115px||-50px||false|false&#8220; custom_margin_phone=&#8220;-59px||-50px||false|false&#8220; custom_margin_last_edited=&#8220;on|phone&#8220; custom_padding=&#8220;0px||9px||false|false&#8220; da_disable_devices=&#8220;off|off|off&#8220; global_colors_info=&#8220;{}&#8220; da_is_popup=&#8220;off&#8220; da_exit_intent=&#8220;off&#8220; da_has_close=&#8220;on&#8220; da_alt_close=&#8220;off&#8220; da_dark_close=&#8220;off&#8220; da_not_modal=&#8220;on&#8220; da_is_singular=&#8220;off&#8220; da_with_loader=&#8220;off&#8220; da_has_shadow=&#8220;on&#8220;][et_pb_row column_structure=&#8220;1_2,1_2&#8243; use_custom_gutter=&#8220;on&#8220; gutter_width=&#8220;1&#8243; make_equal=&#8220;on&#8220; _builder_version=&#8220;4.18.0&#8243; _module_preset=&#8220;default&#8220; background_image=&#8220;https:\/\/letsgonotes.com\/wp-content\/uploads\/2022\/10\/pulpi-sencillo-franja.png&#8220; background_size=&#8220;custom&#8220; background_image_width=&#8220;65%&#8220; width=&#8220;100%&#8220; height=&#8220;400px&#8220; max_height_tablet=&#8220;&#8220; max_height_phone=&#8220;&#8220; max_height_last_edited=&#8220;on|desktop&#8220; custom_margin=&#8220;-121px|auto|6px|auto|false|false&#8220; custom_padding=&#8220;||0px|113px||&#8220; background_last_edited=&#8220;on|phone&#8220; background_image_width_phone=&#8220;93%&#8220; global_colors_info=&#8220;{}&#8220;][et_pb_column type=&#8220;1_2&#8243; _builder_version=&#8220;4.18.0&#8243; _module_preset=&#8220;default&#8220; global_colors_info=&#8220;{}&#8220;][\/et_pb_column][et_pb_column type=&#8220;1_2&#8243; _builder_version=&#8220;4.18.0&#8243; _module_preset=&#8220;default&#8220; global_colors_info=&#8220;{}&#8220;][et_pb_text _builder_version=&#8220;4.18.0&#8243; _module_preset=&#8220;default&#8220; header_font=&#8220;Poppins|700|||||||&#8220; header_text_align=&#8220;center&#8220; header_text_color=&#8220;#000000&#8243; header_font_size=&#8220;60px&#8220; background_enable_image=&#8220;off&#8220; custom_margin=&#8220;142px|||-256px|false|false&#8220; custom_margin_tablet=&#8220;141px|||108px|false|false&#8220; custom_margin_phone=&#8220;142px|||56px|false|false&#8220; custom_margin_last_edited=&#8220;on|tablet&#8220; custom_padding=&#8220;13px|0px|13px|0px|true|false&#8220; header_font_size_tablet=&#8220;35px&#8220; header_font_size_phone=&#8220;33px&#8220; header_font_size_last_edited=&#8220;on|tablet&#8220; global_colors_info=&#8220;{}&#8220;]<\/p>\n<h1>Blog<\/h1>\n<p>[\/et_pb_text][\/et_pb_column][\/et_pb_row][\/et_pb_section][et_pb_section fb_built=&#8220;1&#8243; _builder_version=&#8220;4.18.0&#8243; _module_preset=&#8220;default&#8220; background_color=&#8220;#ffd000&#8243; custom_margin=&#8220;106px|||||&#8220; custom_padding=&#8220;||21px|||&#8220; da_disable_devices=&#8220;off|off|off&#8220; global_colors_info=&#8220;{}&#8220; da_is_popup=&#8220;off&#8220; da_exit_intent=&#8220;off&#8220; da_has_close=&#8220;on&#8220; da_alt_close=&#8220;off&#8220; da_dark_close=&#8220;off&#8220; da_not_modal=&#8220;on&#8220; da_is_singular=&#8220;off&#8220; da_with_loader=&#8220;off&#8220; da_has_shadow=&#8220;on&#8220;][et_pb_row use_custom_gutter=&#8220;on&#8220; make_equal=&#8220;on&#8220; custom_padding_last_edited=&#8220;on|tablet&#8220; _builder_version=&#8220;4.18.0&#8243; _module_preset=&#8220;default&#8220; width=&#8220;100%&#8220; max_width=&#8220;1220px&#8220; max_width_tablet=&#8220;1220px&#8220; max_width_phone=&#8220;1220px&#8220; max_width_last_edited=&#8220;on|phone&#8220; custom_margin=&#8220;-135px|auto||auto||&#8220; custom_padding_tablet=&#8220;|45px||45px|false|true&#8220; custom_padding_phone=&#8220;|45px||45px|false|true&#8220; global_colors_info=&#8220;{}&#8220;][et_pb_column type=&#8220;4_4&#8243; _builder_version=&#8220;4.18.0&#8243; _module_preset=&#8220;default&#8220; global_colors_info=&#8220;{}&#8220;][et_pb_blog fullwidth=&#8220;off&#8220; posts_number=&#8220;20&#8243; include_categories=&#8220;all&#8220; excerpt_length=&#8220;200&#8243; show_more=&#8220;on&#8220; show_author=&#8220;off&#8220; show_categories=&#8220;off&#8220; module_class=&#8220;blog_igualado&#8220; _builder_version=&#8220;4.20.4&#8243; _module_preset=&#8220;default&#8220; header_level=&#8220;h4&#8243; header_font=&#8220;Poppins|600||on|||||&#8220; body_font=&#8220;|600|||||||&#8220; body_text_color=&#8220;#3d3d3d&#8220; meta_font=&#8220;|600|||||||&#8220; meta_text_color=&#8220;#353535&#8243; read_more_font=&#8220;|800|||on||||&#8220; read_more_text_color=&#8220;#000000&#8243; read_more_font_size=&#8220;17px&#8220; read_more_line_height=&#8220;2.7em&#8220; custom_padding=&#8220;0px||||false|false&#8220; border_radii=&#8220;on|28px|28px|28px|28px&#8220; global_colors_info=&#8220;{}&#8220;][\/et_pb_blog][\/et_pb_column][\/et_pb_row][\/et_pb_section][et_pb_section fb_built=&#8220;1&#8243; _builder_version=&#8220;4.18.0&#8243; _module_preset=&#8220;default&#8220; background_color=&#8220;#499ed7&#8243; custom_padding=&#8220;0px||2px|||&#8220; da_disable_devices=&#8220;off|off|off&#8220; global_colors_info=&#8220;{}&#8220; da_is_popup=&#8220;off&#8220; da_exit_intent=&#8220;off&#8220; da_has_close=&#8220;on&#8220; da_alt_close=&#8220;off&#8220; da_dark_close=&#8220;off&#8220; da_not_modal=&#8220;on&#8220; da_is_singular=&#8220;off&#8220; da_with_loader=&#8220;off&#8220; da_has_shadow=&#8220;on&#8220;][et_pb_row use_custom_gutter=&#8220;on&#8220; _builder_version=&#8220;4.18.0&#8243; _module_preset=&#8220;default&#8220; width=&#8220;100%&#8220; max_width=&#8220;1920px&#8220; custom_padding=&#8220;3px|||||&#8220; global_colors_info=&#8220;{}&#8220;][et_pb_column type=&#8220;4_4&#8243; _builder_version=&#8220;4.18.0&#8243; _module_preset=&#8220;default&#8220; global_colors_info=&#8220;{}&#8220;][et_pb_image src=&#8220;https:\/\/letsgonotes.com\/wp-content\/uploads\/2022\/10\/separador-curva-amarillo.png&#8220; title_text=&#8220;separador-curva-amarillo-de&#8220; force_fullwidth=&#8220;on&#8220; _builder_version=&#8220;4.18.0&#8243; _module_preset=&#8220;default&#8220; custom_margin=&#8220;-6px|||||&#8220; global_colors_info=&#8220;{}&#8220;][\/et_pb_image][\/et_pb_column][\/et_pb_row][et_pb_row column_structure=&#8220;1_2,1_2&#8243; use_custom_gutter=&#8220;on&#8220; gutter_width=&#8220;1&#8243; _builder_version=&#8220;4.18.0&#8243; _module_preset=&#8220;default&#8220; custom_margin=&#8220;81px|auto||auto||&#8220; global_colors_info=&#8220;{}&#8220;][et_pb_column type=&#8220;1_2&#8243; _builder_version=&#8220;4.18.0&#8243; _module_preset=&#8220;default&#8220; global_colors_info=&#8220;{}&#8220;][et_pb_button button_url=&#8220;#&#8220; button_text=&#8220;Kontakt&#8220; button_alignment=&#8220;right&#8220; button_alignment_tablet=&#8220;left&#8220; button_alignment_phone=&#8220;left&#8220; button_alignment_last_edited=&#8220;on|phone&#8220; _builder_version=&#8220;4.18.0&#8243; _module_preset=&#8220;default&#8220; custom_button=&#8220;on&#8220; button_text_size=&#8220;38px&#8220; button_text_color=&#8220;#000000&#8243; button_bg_image=&#8220;https:\/\/letsgonotes.com\/wp-content\/uploads\/2022\/10\/note-titulo.png&#8220; button_border_color=&#8220;RGBA(255,255,255,0)&#8220; button_font=&#8220;|700|||||||&#8220; button_use_icon=&#8220;off&#8220; custom_margin_tablet=&#8220;|||58px|false|false&#8220; custom_margin_phone=&#8220;|||2px|false|false&#8220; custom_margin_last_edited=&#8220;on|tablet&#8220; custom_padding=&#8220;17px|43px|17px|43px|true|true&#8220; animation_style=&#8220;fold&#8220; button_text_size_tablet=&#8220;29px&#8220; button_text_size_phone=&#8220;21px&#8220; button_text_size_last_edited=&#8220;on|phone&#8220; global_colors_info=&#8220;{}&#8220; button_bg_color__hover_enabled=&#8220;on|hover&#8220; button_bg_color__hover=&#8220;RGBA(255,255,255,0)&#8220; button_bg_enable_color__hover=&#8220;on&#8220;][\/et_pb_button][\/et_pb_column][et_pb_column type=&#8220;1_2&#8243; _builder_version=&#8220;4.18.0&#8243; _module_preset=&#8220;default&#8220; global_colors_info=&#8220;{}&#8220;][et_pb_image src=&#8220;https:\/\/letsgonotes.com\/wp-content\/uploads\/2022\/10\/pulpi-saludo-note.png&#8220; title_text=&#8220;pulpi-saludo-note-de&#8220; _builder_version=&#8220;4.18.0&#8243; _module_preset=&#8220;default&#8220; transform_rotate=&#8220;0deg|0deg|329deg&#8220; custom_margin=&#8220;-112px|209px||-105px|false|false&#8220; custom_margin_tablet=&#8220;-174px|77px||201px|false|false&#8220; custom_margin_phone=&#8220;-105px|8px||135px|false|false&#8220; custom_margin_last_edited=&#8220;on|phone&#8220; global_colors_info=&#8220;{}&#8220;][\/et_pb_image][\/et_pb_column][\/et_pb_row][\/et_pb_section][et_pb_section fb_built=&#8220;1&#8243; specialty=&#8220;on&#8220; _builder_version=&#8220;4.18.0&#8243; _module_preset=&#8220;default&#8220; background_color=&#8220;#499ed7&#8243; custom_padding=&#8220;0px|||||&#8220; da_disable_devices=&#8220;off|off|off&#8220; global_colors_info=&#8220;{}&#8220; da_is_popup=&#8220;off&#8220; da_exit_intent=&#8220;off&#8220; da_has_close=&#8220;on&#8220; da_alt_close=&#8220;off&#8220; da_dark_close=&#8220;off&#8220; da_not_modal=&#8220;on&#8220; da_is_singular=&#8220;off&#8220; da_with_loader=&#8220;off&#8220; da_has_shadow=&#8220;on&#8220;][et_pb_column type=&#8220;1_2&#8243; _builder_version=&#8220;4.16&#8243; custom_padding=&#8220;|||&#8220; global_colors_info=&#8220;{}&#8220; custom_padding__hover=&#8220;|||&#8220;][et_pb_text _builder_version=&#8220;4.20.4&#8243; _module_preset=&#8220;default&#8220; text_font=&#8220;||||||||&#8220; text_text_color=&#8220;#FFFFFF&#8220; text_font_size=&#8220;18px&#8220; custom_margin=&#8220;|||-19px||&#8220; global_colors_info=&#8220;{}&#8220;]<\/p>\n<p>Wenn wir schon von der galicischen Flussm\u00fcndung und den Tintenfischen sprechen, was glaubst du, wo wir uns befinden, Sch\u00e4tzchen? <strong>Am Meer, nat\u00fcrlich<\/strong>!<br \/>Genauer gesagt, hier:<\/p>\n<p>[\/et_pb_text][et_pb_blurb image=&#8220;https:\/\/letsgonotes.com\/wp-content\/uploads\/2022\/10\/icono-ubicacion.jpg&#8220; icon_placement=&#8220;left&#8220; image_icon_width=&#8220;200%&#8220; content_max_width=&#8220;827px&#8220; _builder_version=&#8220;4.20.4&#8243; _module_preset=&#8220;default&#8220; body_text_color=&#8220;#000000&#8243; body_font_size=&#8220;18px&#8220; background_color=&#8220;#ffd101&#8243; custom_margin=&#8220;|166px|||false|false&#8220; custom_margin_tablet=&#8220;|166px|||false|false&#8220; custom_margin_phone=&#8220;|36px|||false|false&#8220; custom_margin_last_edited=&#8220;on|phone&#8220; custom_padding=&#8220;35px||35px|10px|true|false&#8220; border_radii=&#8220;on|10px|10px|10px|10px&#8220; global_colors_info=&#8220;{}&#8220;]<\/p>\n<p><strong>Departamento n\u00ba 9,<\/strong><br \/><strong>zona Franca de Vigo<\/strong><br \/><strong>\u00c1rea Portuaria de Bouzas s\/n<\/strong><br \/><strong>36208 Vigo (PO) Spanien<\/strong><\/p>\n<p>[\/et_pb_blurb][et_pb_text _builder_version=&#8220;4.18.0&#8243; _module_preset=&#8220;default&#8220; text_font=&#8220;|300|||||||&#8220; text_text_color=&#8220;#FFFFFF&#8220; text_font_size=&#8220;18px&#8220; custom_margin=&#8220;|||-19px||&#8220; global_colors_info=&#8220;{}&#8220;]<\/p>\n<p>Und Pulpis Haus ist in Bueu:<\/p>\n<p>[\/et_pb_text][et_pb_blurb image=&#8220;https:\/\/letsgonotes.com\/wp-content\/uploads\/2022\/10\/icono-ubicacion.jpg&#8220; icon_placement=&#8220;left&#8220; image_icon_width=&#8220;200%&#8220; content_max_width=&#8220;827px&#8220; _builder_version=&#8220;4.18.0&#8243; _module_preset=&#8220;default&#8220; body_text_color=&#8220;#000000&#8243; body_font_size=&#8220;18px&#8220; background_color=&#8220;#ffd101&#8243; custom_margin=&#8220;|166px|||false|false&#8220; custom_margin_tablet=&#8220;|166px|||false|false&#8220; custom_margin_phone=&#8220;|36px|||false|false&#8220; custom_margin_last_edited=&#8220;on|phone&#8220; custom_padding=&#8220;35px||35px|10px|true|false&#8220; border_radii=&#8220;on|10px|10px|10px|10px&#8220; global_colors_info=&#8220;{}&#8220;]<\/p>\n<p><strong>Montero R\u00edos, 45<\/strong><br \/><strong>36930 Bueu (PO) Spanien<\/strong><\/p>\n<p>[\/et_pb_blurb][\/et_pb_column][et_pb_column type=&#8220;1_2&#8243; specialty_columns=&#8220;2&#8243; _builder_version=&#8220;4.16&#8243; custom_padding=&#8220;|||&#8220; global_colors_info=&#8220;{}&#8220; custom_padding__hover=&#8220;|||&#8220;][et_pb_row_inner _builder_version=&#8220;4.18.0&#8243; _module_preset=&#8220;default&#8220; global_colors_info=&#8220;{}&#8220;][et_pb_column_inner saved_specialty_column_type=&#8220;1_2&#8243; _builder_version=&#8220;4.18.0&#8243; _module_preset=&#8220;default&#8220; global_colors_info=&#8220;{}&#8220;][et_pb_text _builder_version=&#8220;4.18.0&#8243; _module_preset=&#8220;default&#8220; text_font=&#8220;|300|||||||&#8220; text_text_color=&#8220;#FFFFFF&#8220; text_font_size=&#8220;21px&#8220; text_orientation=&#8220;center&#8220; text_font_size_tablet=&#8220;21px&#8220; text_font_size_phone=&#8220;20px&#8220; text_font_size_last_edited=&#8220;on|phone&#8220; global_colors_info=&#8220;{}&#8220;]<\/p>\n<p>Du willst uns <strong>lieber anrufen<\/strong>? Hier ist die Nummer: <\/p>\n<p>[\/et_pb_text][et_pb_button button_url=&#8220;tel:+34986195924&#8243; url_new_window=&#8220;on&#8220; button_text=&#8220;+34 986195924&#8243; button_alignment=&#8220;center&#8220; _builder_version=&#8220;4.18.0&#8243; _module_preset=&#8220;default&#8220; custom_button=&#8220;on&#8220; button_text_size=&#8220;23px&#8220; button_text_color=&#8220;#000000&#8243; button_bg_color=&#8220;RGBA(255,255,255,0)&#8220; button_bg_image=&#8220;https:\/\/letsgonotes.com\/wp-content\/uploads\/2022\/10\/note-titulo.png&#8220; button_border_color=&#8220;RGBA(255,255,255,0)&#8220; button_font=&#8220;|600|||||||&#8220; button_use_icon=&#8220;off&#8220; custom_margin=&#8220;-20px|||||&#8220; custom_padding=&#8220;24px|26px|24px|26px|true|true&#8220; animation_style=&#8220;fold&#8220; button_text_size_tablet=&#8220;23px&#8220; button_text_size_phone=&#8220;20px&#8220; button_text_size_last_edited=&#8220;on|phone&#8220; global_colors_info=&#8220;{}&#8220; button_bg_color__hover_enabled=&#8220;on|hover&#8220; button_bg_color__hover=&#8220;RGBA(255,255,255,0)&#8220; button_bg_enable_color__hover=&#8220;on&#8220;][\/et_pb_button][et_pb_text _builder_version=&#8220;4.18.0&#8243; _module_preset=&#8220;default&#8220; text_font=&#8220;|300|||||||&#8220; text_text_color=&#8220;#FFFFFF&#8220; text_font_size=&#8220;21px&#8220; text_orientation=&#8220;center&#8220; text_font_size_tablet=&#8220;21px&#8220; text_font_size_phone=&#8220;20px&#8220; text_font_size_last_edited=&#8220;on|phone&#8220; global_colors_info=&#8220;{}&#8220;]<\/p>\n<p>Du willst <strong>lieber eine E-Mail schicken<\/strong>? Nur zu! <\/p>\n<p>[\/et_pb_text][et_pb_button button_url=&#8220;mailto:hola@letsgonotes.com&#8220; url_new_window=&#8220;on&#8220; button_text=&#8220;hola@letsgonotes.com&#8220; button_alignment=&#8220;center&#8220; _builder_version=&#8220;4.18.0&#8243; _module_preset=&#8220;default&#8220; custom_button=&#8220;on&#8220; button_text_size=&#8220;23px&#8220; button_text_color=&#8220;#000000&#8243; button_bg_color=&#8220;RGBA(255,255,255,0)&#8220; button_bg_image=&#8220;https:\/\/letsgonotes.com\/wp-content\/uploads\/2022\/10\/note-titulo.png&#8220; button_border_color=&#8220;RGBA(255,255,255,0)&#8220; button_font=&#8220;|600|||||||&#8220; button_use_icon=&#8220;off&#8220; custom_margin=&#8220;-5px|||||&#8220; custom_padding=&#8220;4px|51px|4px|51px|true|true&#8220; custom_padding_tablet=&#8220;4px|51px|4px|51px|true|true&#8220; custom_padding_phone=&#8220;4px|37px|4px|37px|true|true&#8220; custom_padding_last_edited=&#8220;on|phone&#8220; animation_style=&#8220;fold&#8220; button_text_size_tablet=&#8220;23px&#8220; button_text_size_phone=&#8220;20px&#8220; button_text_size_last_edited=&#8220;on|phone&#8220; global_colors_info=&#8220;{}&#8220; button_bg_color__hover_enabled=&#8220;on|hover&#8220; button_bg_color__hover=&#8220;RGBA(255,255,255,0)&#8220; button_bg_enable_color__hover=&#8220;on&#8220;][\/et_pb_button][et_pb_text disabled_on=&#8220;off|off|off&#8220; _builder_version=&#8220;4.18.0&#8243; _module_preset=&#8220;default&#8220; text_font=&#8220;|300|||||||&#8220; text_text_color=&#8220;#FFFFFF&#8220; text_font_size=&#8220;20px&#8220; text_line_height=&#8220;30.6px&#8220; text_orientation=&#8220;center&#8220; global_colors_info=&#8220;{}&#8220;]<\/p>\n<p>Du bevorzugst das Internet und die <strong>sozialen Netzwerke<\/strong>?<br \/>Dann st\u00f6ber ruhig weiter:<\/p>\n<p>[\/et_pb_text][et_pb_social_media_follow use_icon_font_size=&#8220;on&#8220; icon_font_size=&#8220;23px&#8220; disabled_on=&#8220;off|off|off&#8220; _builder_version=&#8220;4.18.0&#8243; _module_preset=&#8220;default&#8220; text_orientation=&#8220;center&#8220; animation_style=&#8220;fold&#8220; border_radii=&#8220;on|6px|6px|6px|6px&#8220; global_colors_info=&#8220;{}&#8220;][et_pb_social_media_follow_network social_network=&#8220;facebook&#8220; url=&#8220;https:\/\/www.facebook.com\/people\/Lets-Go-Notes\/100087732526376\/&#8220; icon_color=&#8220;#000000&#8243; _builder_version=&#8220;4.18.0&#8243; _module_preset=&#8220;default&#8220; background_color=&#8220;#ffd101&#8243; background_enable_color=&#8220;on&#8220; global_colors_info=&#8220;{}&#8220; follow_button=&#8220;off&#8220; url_new_window=&#8220;on&#8220;]facebook[\/et_pb_social_media_follow_network][et_pb_social_media_follow_network social_network=&#8220;instagram&#8220; url=&#8220;https:\/\/www.instagram.com\/letsgonotes\/&#8220; icon_color=&#8220;#000000&#8243; _builder_version=&#8220;4.18.0&#8243; _module_preset=&#8220;default&#8220; background_color=&#8220;#ffd101&#8243; background_enable_color=&#8220;on&#8220; global_colors_info=&#8220;{}&#8220; follow_button=&#8220;off&#8220; url_new_window=&#8220;on&#8220;]instagram[\/et_pb_social_media_follow_network][\/et_pb_social_media_follow][\/et_pb_column_inner][\/et_pb_row_inner][\/et_pb_column][\/et_pb_section]<\/p>\n","protected":false},"excerpt":{"rendered":"<p>BlogWenn wir schon von der galicischen Flussm\u00fcndung und den Tintenfischen sprechen, was glaubst du, wo wir uns befinden, Sch\u00e4tzchen? Am Meer, nat\u00fcrlich!Genauer gesagt, hier:Departamento n\u00ba 9,zona Franca de Vigo\u00c1rea Portuaria de Bouzas s\/n36208 Vigo (PO) SpanienUnd Pulpis Haus ist in Bueu:Montero R\u00edos, 4536930 Bueu (PO) SpanienDu willst uns lieber anrufen? Hier ist die Nummer: Du [&hellip;]<\/p>\n","protected":false},"author":2,"featured_media":0,"parent":0,"menu_order":0,"comment_status":"closed","ping_status":"closed","template":"","meta":{"_et_pb_use_builder":"on","_et_pb_old_content":"","_et_gb_content_width":"","footnotes":""},"class_list":["post-5403","page","type-page","status-publish","hentry"],"_links":{"self":[{"href":"https:\/\/letsgonotes.com\/de\/wp-json\/wp\/v2\/pages\/5403","targetHints":{"allow":["GET"]}}],"collection":[{"href":"https:\/\/letsgonotes.com\/de\/wp-json\/wp\/v2\/pages"}],"about":[{"href":"https:\/\/letsgonotes.com\/de\/wp-json\/wp\/v2\/types\/page"}],"author":[{"embeddable":true,"href":"https:\/\/letsgonotes.com\/de\/wp-json\/wp\/v2\/users\/2"}],"replies":[{"embeddable":true,"href":"https:\/\/letsgonotes.com\/de\/wp-json\/wp\/v2\/comments?post=5403"}],"version-history":[{"count":15,"href":"https:\/\/letsgonotes.com\/de\/wp-json\/wp\/v2\/pages\/5403\/revisions"}],"predecessor-version":[{"id":5578,"href":"https:\/\/letsgonotes.com\/de\/wp-json\/wp\/v2\/pages\/5403\/revisions\/5578"}],"wp:attachment":[{"href":"https:\/\/letsgonotes.com\/de\/wp-json\/wp\/v2\/media?parent=5403"}],"curies":[{"name":"wp","href":"https:\/\/api.w.org\/{rel}","templated":true}]}}