{"id":5418,"date":"2023-05-03T10:43:44","date_gmt":"2023-05-03T10:43:44","guid":{"rendered":"https:\/\/letsgonotes.com\/letsgonotes\/"},"modified":"2024-09-27T11:47:41","modified_gmt":"2024-09-27T11:47:41","slug":"letsgonotes","status":"publish","type":"page","link":"https:\/\/letsgonotes.com\/de\/letsgonotes\/","title":{"rendered":"LetsGoNotes"},"content":{"rendered":"<p>[et_pb_section fb_built=&#8220;1&#8243; custom_padding_last_edited=&#8220;on|phone&#8220; next_background_color=&#8220;#ffffff&#8220; admin_label=&#8220;Section&#8220; _builder_version=&#8220;4.18.0&#8243; _module_preset=&#8220;default&#8220; background_color=&#8220;#499ed7&#8243; custom_padding=&#8220;||31px|||&#8220; custom_padding_tablet=&#8220;||31px|||&#8220; custom_padding_phone=&#8220;||25px||false|false&#8220; bottom_divider_style=&#8220;waves&#8220; bottom_divider_height=&#8220;163px&#8220; bottom_divider_flip=&#8220;horizontal|vertical&#8220; bottom_divider_height_tablet=&#8220;163px&#8220; bottom_divider_height_phone=&#8220;138px&#8220; bottom_divider_height_last_edited=&#8220;on|phone&#8220; bottom_divider_repeat_tablet=&#8220;&#8220; bottom_divider_repeat_phone=&#8220;1x&#8220; bottom_divider_repeat_last_edited=&#8220;on|phone&#8220; bottom_divider_flip_tablet=&#8220;horizontal|vertical&#8220; bottom_divider_flip_phone=&#8220;vertical|horizontal&#8220; bottom_divider_flip_last_edited=&#8220;on|phone&#8220; da_disable_devices=&#8220;off|off|off&#8220; locked=&#8220;off&#8220; global_colors_info=&#8220;{}&#8220; da_is_popup=&#8220;off&#8220; da_exit_intent=&#8220;off&#8220; da_has_close=&#8220;on&#8220; da_alt_close=&#8220;off&#8220; da_dark_close=&#8220;off&#8220; da_not_modal=&#8220;on&#8220; da_is_singular=&#8220;off&#8220; da_with_loader=&#8220;off&#8220; da_has_shadow=&#8220;on&#8220;][et_pb_row column_structure=&#8220;3_4,1_4&#8243; _builder_version=&#8220;4.18.0&#8243; _module_preset=&#8220;default&#8220; max_width=&#8220;1273px&#8220; custom_margin=&#8220;||||false|false&#8220; custom_margin_tablet=&#8220;-48px||||false|false&#8220; custom_margin_phone=&#8220;-63px||||false|false&#8220; custom_margin_last_edited=&#8220;on|phone&#8220; global_colors_info=&#8220;{}&#8220;][et_pb_column type=&#8220;3_4&#8243; _builder_version=&#8220;4.18.0&#8243; _module_preset=&#8220;default&#8220; global_colors_info=&#8220;{}&#8220;][et_pb_text _builder_version=&#8220;4.20.4&#8243; _module_preset=&#8220;default&#8220; header_font=&#8220;|700|||||||&#8220; header_text_align=&#8220;center&#8220; header_text_color=&#8220;#000000&#8243; header_font_size=&#8220;2vw&#8220; background_image=&#8220;https:\/\/letsgonotes.com\/wp-content\/uploads\/2022\/11\/fondo-titulo-somos.png&#8220; background_size=&#8220;custom&#8220; background_image_width=&#8220;75%&#8220; background_image_height=&#8220;100%&#8220; width=&#8220;100%&#8220; module_alignment=&#8220;right&#8220; custom_margin=&#8220;55px||||false|false&#8220; custom_padding=&#8220;28px||28px||true|false&#8220; hover_enabled=&#8220;0&#8243; header_font_size_tablet=&#8220;2vw&#8220; header_font_size_phone=&#8220;18px&#8220; header_font_size_last_edited=&#8220;on|phone&#8220; background_last_edited=&#8220;on|tablet&#8220; background_image_width_tablet=&#8220;100%&#8220; global_colors_info=&#8220;{}&#8220; sticky_enabled=&#8220;0&#8243;]<\/p>\n<h1>LetsGonotes<\/h1>\n<p>[\/et_pb_text][\/et_pb_column][et_pb_column type=&#8220;1_4&#8243; _builder_version=&#8220;4.18.0&#8243; _module_preset=&#8220;default&#8220; global_colors_info=&#8220;{}&#8220;][et_pb_image src=&#8220;https:\/\/letsgonotes.com\/wp-content\/uploads\/2022\/10\/pulpi-slider.png&#8220; title_text=&#8220;pulpi-slider-de&#8220; align_tablet=&#8220;right&#8220; align_phone=&#8220;right&#8220; align_last_edited=&#8220;on|tablet&#8220; _builder_version=&#8220;4.18.0&#8243; _module_preset=&#8220;default&#8220; transform_scale=&#8220;175%|175%&#8220; transform_scale_tablet=&#8220;103%|103%&#8220; transform_scale_phone=&#8220;104%|104%&#8220; transform_scale_last_edited=&#8220;on|tablet&#8220; transform_translate=&#8220;-129px|0px&#8220; transform_translate_tablet=&#8220;138px|0px&#8220; transform_translate_phone=&#8220;101px|-10px&#8220; transform_translate_last_edited=&#8220;on|tablet&#8220; transform_translate_linked=&#8220;off&#8220; transform_rotate=&#8220;0deg|0deg|342deg&#8220; transform_rotate_tablet=&#8220;0deg|0deg|342deg&#8220; transform_rotate_phone=&#8220;0deg|0deg|342deg&#8220; transform_rotate_last_edited=&#8220;on|tablet&#8220; transform_skew_tablet=&#8220;&#8220; transform_skew_phone=&#8220;&#8220; transform_skew_last_edited=&#8220;on|tablet&#8220; transform_origin_tablet=&#8220;&#8220; transform_origin_phone=&#8220;&#8220; transform_origin_last_edited=&#8220;on|tablet&#8220; transform_styles_last_edited=&#8220;on|tablet&#8220; width_tablet=&#8220;44%&#8220; width_phone=&#8220;59%&#8220; width_last_edited=&#8220;on|tablet&#8220; custom_margin=&#8220;42px|0px|-17px|0px|false|false&#8220; custom_margin_tablet=&#8220;-65px|0px||171px|false|false&#8220; custom_margin_phone=&#8220;-51px|||0px|false|false&#8220; custom_margin_last_edited=&#8220;on|tablet&#8220; transform_styles_tablet=&#8220;&#8220; transform_styles_phone=&#8220;&#8220; global_colors_info=&#8220;{}&#8220;][\/et_pb_image][\/et_pb_column][\/et_pb_row][\/et_pb_section][et_pb_section fb_built=&#8220;1&#8243; _builder_version=&#8220;4.20.4&#8243; _module_preset=&#8220;default&#8220; da_disable_devices=&#8220;off|off|off&#8220; global_colors_info=&#8220;{}&#8220; da_is_popup=&#8220;off&#8220; da_exit_intent=&#8220;off&#8220; da_has_close=&#8220;on&#8220; da_alt_close=&#8220;off&#8220; da_dark_close=&#8220;off&#8220; da_not_modal=&#8220;on&#8220; da_is_singular=&#8220;off&#8220; da_with_loader=&#8220;off&#8220; da_has_shadow=&#8220;on&#8220;][et_pb_row _builder_version=&#8220;4.20.4&#8243; _module_preset=&#8220;default&#8220; global_colors_info=&#8220;{}&#8220;][et_pb_column type=&#8220;4_4&#8243; _builder_version=&#8220;4.20.4&#8243; _module_preset=&#8220;default&#8220; global_colors_info=&#8220;{}&#8220;][et_pb_image src=&#8220;https:\/\/letsgonotes.com\/wp-content\/uploads\/2024\/04\/logos-expande.png&#8220; title_text=&#8220;Logos expandiert&#8220; _builder_version=&#8220;4.20.4&#8243; _module_preset=&#8220;default&#8220; global_colors_info=&#8220;{}&#8220;][\/et_pb_image][et_pb_text _builder_version=&#8220;4.20.4&#8243; _module_preset=&#8220;default&#8220; global_colors_info=&#8220;{}&#8220;]<\/p>\n<p>LETSGONOTES SL war Beg\u00fcnstigte von europ\u00e4ischen F\u00f6rdermitteln, deren Ziel die St\u00e4rkung des nachhaltigen Wachstums und der Wettbewerbsf\u00e4higkeit von KMU ist. Dank dieser Mittel hat das Unternehmen einen Aktionsplan umgesetzt, um seine Wettbewerbsf\u00e4higkeit durch digitale Transformation, Online-Werbung und E-Commerce auf internationalen M\u00e4rkten im Jahr 2024 zu verbessern. Dabei wurde es vom Xpande Digital-Programm der Handelskammer von Pontevedra, Vigo und Vilagarc\u00eda de Arousa unterst\u00fctzt. #EuropaSeSiente<\/p>\n<p>[\/et_pb_text][\/et_pb_column][\/et_pb_row][\/et_pb_section]<\/p>\n","protected":false},"excerpt":{"rendered":"<p>LetsGonotesLETSGONOTES SL war Beg\u00fcnstigte von europ\u00e4ischen F\u00f6rdermitteln, deren Ziel die St\u00e4rkung des nachhaltigen Wachstums und der Wettbewerbsf\u00e4higkeit von KMU ist. Dank dieser Mittel hat das Unternehmen einen Aktionsplan umgesetzt, um seine Wettbewerbsf\u00e4higkeit durch digitale Transformation, Online-Werbung und E-Commerce auf internationalen M\u00e4rkten im Jahr 2024 zu verbessern. Dabei wurde es vom Xpande Digital-Programm der Handelskammer von [&hellip;]<\/p>\n","protected":false},"author":1,"featured_media":0,"parent":0,"menu_order":0,"comment_status":"closed","ping_status":"closed","template":"","meta":{"_et_pb_use_builder":"on","_et_pb_old_content":"","_et_gb_content_width":"","footnotes":""},"class_list":["post-5418","page","type-page","status-publish","hentry"],"_links":{"self":[{"href":"https:\/\/letsgonotes.com\/de\/wp-json\/wp\/v2\/pages\/5418","targetHints":{"allow":["GET"]}}],"collection":[{"href":"https:\/\/letsgonotes.com\/de\/wp-json\/wp\/v2\/pages"}],"about":[{"href":"https:\/\/letsgonotes.com\/de\/wp-json\/wp\/v2\/types\/page"}],"author":[{"embeddable":true,"href":"https:\/\/letsgonotes.com\/de\/wp-json\/wp\/v2\/users\/1"}],"replies":[{"embeddable":true,"href":"https:\/\/letsgonotes.com\/de\/wp-json\/wp\/v2\/comments?post=5418"}],"version-history":[{"count":5,"href":"https:\/\/letsgonotes.com\/de\/wp-json\/wp\/v2\/pages\/5418\/revisions"}],"predecessor-version":[{"id":5451,"href":"https:\/\/letsgonotes.com\/de\/wp-json\/wp\/v2\/pages\/5418\/revisions\/5451"}],"wp:attachment":[{"href":"https:\/\/letsgonotes.com\/de\/wp-json\/wp\/v2\/media?parent=5418"}],"curies":[{"name":"wp","href":"https:\/\/api.w.org\/{rel}","templated":true}]}}