{"id":5421,"date":"2022-10-27T19:58:13","date_gmt":"2022-10-27T19:58:13","guid":{"rendered":"https:\/\/letsgonotes.com\/rechtlicher-hinweis\/"},"modified":"2024-11-04T10:51:13","modified_gmt":"2024-11-04T10:51:13","slug":"rechtlicher-hinweis","status":"publish","type":"page","link":"https:\/\/letsgonotes.com\/de\/rechtlicher-hinweis\/","title":{"rendered":"Rechtlicher Hinweis"},"content":{"rendered":"<p>[et_pb_section fb_built=&#8220;1&#8243; custom_padding_last_edited=&#8220;on|phone&#8220; next_background_color=&#8220;#ffffff&#8220; _builder_version=&#8220;4.18.0&#8243; _module_preset=&#8220;default&#8220; background_color=&#8220;#499ed7&#8243; custom_padding=&#8220;||31px|||&#8220; custom_padding_tablet=&#8220;||31px|||&#8220; custom_padding_phone=&#8220;||25px||false|false&#8220; bottom_divider_style=&#8220;waves&#8220; bottom_divider_height=&#8220;163px&#8220; bottom_divider_flip=&#8220;horizontal|vertical&#8220; bottom_divider_height_tablet=&#8220;163px&#8220; bottom_divider_height_phone=&#8220;138px&#8220; bottom_divider_height_last_edited=&#8220;on|phone&#8220; bottom_divider_repeat_tablet=&#8220;&#8220; bottom_divider_repeat_phone=&#8220;1x&#8220; bottom_divider_repeat_last_edited=&#8220;on|phone&#8220; bottom_divider_flip_tablet=&#8220;horizontal|vertical&#8220; bottom_divider_flip_phone=&#8220;vertical|horizontal&#8220; bottom_divider_flip_last_edited=&#8220;on|phone&#8220; da_disable_devices=&#8220;off|off|off&#8220; global_colors_info=&#8220;{}&#8220; da_is_popup=&#8220;off&#8220; da_exit_intent=&#8220;off&#8220; da_has_close=&#8220;on&#8220; da_alt_close=&#8220;off&#8220; da_dark_close=&#8220;off&#8220; da_not_modal=&#8220;on&#8220; da_is_singular=&#8220;off&#8220; da_with_loader=&#8220;off&#8220; da_has_shadow=&#8220;on&#8220;][et_pb_row column_structure=&#8220;3_4,1_4&#8243; _builder_version=&#8220;4.18.0&#8243; _module_preset=&#8220;default&#8220; max_width=&#8220;1273px&#8220; custom_margin=&#8220;||||false|false&#8220; custom_margin_tablet=&#8220;-80px||||false|false&#8220; custom_margin_phone=&#8220;-102px||||false|false&#8220; custom_margin_last_edited=&#8220;on|phone&#8220; global_colors_info=&#8220;{}&#8220;][et_pb_column type=&#8220;3_4&#8243; _builder_version=&#8220;4.18.0&#8243; _module_preset=&#8220;default&#8220; global_colors_info=&#8220;{}&#8220;][et_pb_text _builder_version=&#8220;4.18.0&#8243; _module_preset=&#8220;default&#8220; header_font=&#8220;|700|||||||&#8220; header_text_align=&#8220;center&#8220; header_text_color=&#8220;#000000&#8243; header_font_size=&#8220;2vw&#8220; background_image=&#8220;https:\/\/letsgonotes.com\/wp-content\/uploads\/2022\/11\/fondo-titulo-somos.png&#8220; background_size=&#8220;custom&#8220; background_image_width=&#8220;75%&#8220; background_image_height=&#8220;100%&#8220; width=&#8220;100%&#8220; module_alignment=&#8220;right&#8220; custom_margin=&#8220;55px||||false|false&#8220; custom_padding=&#8220;28px||28px||true|false&#8220; header_font_size_tablet=&#8220;2vw&#8220; header_font_size_phone=&#8220;18px&#8220; header_font_size_last_edited=&#8220;on|phone&#8220; background_last_edited=&#8220;on|tablet&#8220; background_image_width_tablet=&#8220;100%&#8220; global_colors_info=&#8220;{}&#8220;]<\/p>\n<h1>Pulpi, Besch\u00fctzer&#8230; der Daten<\/h1>\n<p>[\/et_pb_text][\/et_pb_column][et_pb_column type=&#8220;1_4&#8243; _builder_version=&#8220;4.18.0&#8243; _module_preset=&#8220;default&#8220; global_colors_info=&#8220;{}&#8220;][et_pb_image src=&#8220;https:\/\/letsgonotes.com\/wp-content\/uploads\/2022\/10\/pulpi-slider.png&#8220; title_text=&#8220;pulpi-slider-de&#8220; align_tablet=&#8220;right&#8220; align_phone=&#8220;right&#8220; align_last_edited=&#8220;on|tablet&#8220; _builder_version=&#8220;4.18.0&#8243; _module_preset=&#8220;default&#8220; transform_scale=&#8220;175%|175%&#8220; transform_scale_tablet=&#8220;103%|103%&#8220; transform_scale_phone=&#8220;104%|104%&#8220; transform_scale_last_edited=&#8220;on|tablet&#8220; transform_translate=&#8220;-129px|0px&#8220; transform_translate_tablet=&#8220;138px|0px&#8220; transform_translate_phone=&#8220;101px|-10px&#8220; transform_translate_last_edited=&#8220;on|tablet&#8220; transform_translate_linked=&#8220;off&#8220; transform_rotate=&#8220;0deg|0deg|342deg&#8220; transform_rotate_tablet=&#8220;0deg|0deg|342deg&#8220; transform_rotate_phone=&#8220;0deg|0deg|342deg&#8220; transform_rotate_last_edited=&#8220;on|tablet&#8220; transform_skew_tablet=&#8220;&#8220; transform_skew_phone=&#8220;&#8220; transform_skew_last_edited=&#8220;on|tablet&#8220; transform_origin_tablet=&#8220;&#8220; transform_origin_phone=&#8220;&#8220; transform_origin_last_edited=&#8220;on|tablet&#8220; transform_styles_last_edited=&#8220;on|tablet&#8220; width_tablet=&#8220;44%&#8220; width_phone=&#8220;59%&#8220; width_last_edited=&#8220;on|tablet&#8220; custom_margin=&#8220;42px|0px|-17px|0px|false|false&#8220; custom_margin_tablet=&#8220;-65px|0px||171px|false|false&#8220; custom_margin_phone=&#8220;-51px|||0px|false|false&#8220; custom_margin_last_edited=&#8220;on|tablet&#8220; transform_styles_tablet=&#8220;&#8220; transform_styles_phone=&#8220;&#8220; global_colors_info=&#8220;{}&#8220;][\/et_pb_image][\/et_pb_column][\/et_pb_row][\/et_pb_section][et_pb_section fb_built=&#8220;1&#8243; _builder_version=&#8220;4.18.0&#8243; _module_preset=&#8220;default&#8220; custom_margin=&#8220;34px|||||&#8220; custom_margin_tablet=&#8220;3px||||false|false&#8220; custom_margin_phone=&#8220;0px||||false|false&#8220; custom_margin_last_edited=&#8220;on|tablet&#8220; da_disable_devices=&#8220;off|off|off&#8220; global_colors_info=&#8220;{}&#8220; da_is_popup=&#8220;off&#8220; da_exit_intent=&#8220;off&#8220; da_has_close=&#8220;on&#8220; da_alt_close=&#8220;off&#8220; da_dark_close=&#8220;off&#8220; da_not_modal=&#8220;on&#8220; da_is_singular=&#8220;off&#8220; da_with_loader=&#8220;off&#8220; da_has_shadow=&#8220;on&#8220;][et_pb_row use_custom_gutter=&#8220;on&#8220; custom_padding_last_edited=&#8220;on|tablet&#8220; _builder_version=&#8220;4.18.0&#8243; _module_preset=&#8220;default&#8220; width=&#8220;100%&#8220; max_width=&#8220;1220px&#8220; custom_padding=&#8220;|30px||30px|false|true&#8220; custom_padding_tablet=&#8220;|61px||61px|false|true&#8220; custom_padding_phone=&#8220;|43px||43px|false|true&#8220; global_colors_info=&#8220;{}&#8220;][et_pb_column type=&#8220;4_4&#8243; _builder_version=&#8220;4.18.0&#8243; _module_preset=&#8220;default&#8220; global_colors_info=&#8220;{}&#8220;][et_pb_text admin_label=&#8220;Texto&#8220; _builder_version=&#8220;4.18.0&#8243; _module_preset=&#8220;default&#8220; text_font=&#8220;||||||||&#8220; global_colors_info=&#8220;{}&#8220;]<\/p>\n<h2>Rechtliche Informationen<\/h2>\n<p>Zur Erf\u00fcllung der in Artikel 10 des spanischen Gesetzes 34\/2002 vom 11. Juli \u00fcber Dienste der Informationsgesellschaft und Elektronischen Handel enthaltenen Auskunftspflicht weisen wir Sie darauf hin, dass der Inhalt dieser Webseite https:\/\/letsgonotes.com\/ (nachstehend die \u201eWebseite\u201c) Eigentum von LetsGonotes SLU mit Gesellschaftssitz in Departamento N\u00ba 9. Zona Franca de Vigo \u2013 \u00c1rea Portuaria de Bouzas, s\/n \u2013 36208 Pontevedra (Spanien) und Steuer-ID B94053592, eingetragen in das Handelsregister von Pontevedra, ist. Der vorliegende Rechtshinweis reguliert die Nutzungsbedingungen des genannten Internetportals.<\/p>\n<h3>Benutzerakzeptanz<\/h3>\n<p>Dieser Rechtshinweis reguliert den Zugriff auf, das Surfen auf und die Nutzung der Webseite https:\/\/letsgonotes.com, welche LetsGonotes SLU den Internet-Benutzern zur Verf\u00fcgung stellt. Daher bringt der Zugriff auf dieselbe den Erwerb der Eigenschaft eines Benutzers und somit die Akzeptanz der Nutzungsbedingungen der Webseite mit sich. Sollten Sie nicht mit den Bedingungen einverstanden sein, sehen Sie bitte von der Nutzung der Webseite ab. Der Benutzer wird darauf hingewiesen und akzeptiert, dass der Zugriff auf die vorliegende Webseite in keinster Weise den Beginn einer Gesch\u00e4ftsbeziehung mit LetsGonotes SLU. bedeutet.  <\/p>\n<h3>Inhalt und Nutzung<\/h3>\n<p>Der Besuch der Webseite durch den Benutzer hat auf verantwortungsvolle Weise und in \u00dcbereinstimmung mit den geltenden Vorschriften, dem guten Glauben, dem vorliegenden Rechtshinweis und unter Respekt der geistigen und industriellen Eigentumsrechte von LetsGonotes SLU zu erfolgen. Die Webseite stellt eine breite Vielfalt an Informationen, Diensten und Daten zur Verf\u00fcgung. Der Benutzer \u00fcbernimmt die Verantwortung f\u00fcr eine korrekte Nutzung der Webseite.  <\/p>\n<p>Der Besuch der Webseite durch den Benutzer hat auf verantwortungsvolle Weise und in \u00dcbereinstimmung mit den geltenden Vorschriften, dem guten Glauben, dem vorliegenden Rechtshinweis und unter Respekt der geistigen und industriellen Eigentumsrechte von LetsGonotes SLU zu erfolgen. Die Webseite stellt eine breite Vielfalt an Informationen, Diensten und Daten zur Verf\u00fcgung. Der Benutzer \u00fcbernimmt die Verantwortung f\u00fcr eine korrekte Nutzung der Webseite.<br \/>Das Unternehmen beh\u00e4lt sich das Recht vor, ohne Vorank\u00fcndigung s\u00e4mtliche \u00c4nderungen auf ihrer Webseite vorzunehmen, die es f\u00fcr angemessen erachtet, und kann sowohl die dar\u00fcber bereitgestellten Inhalte und Dienste als auch die Form, in der diese auf ihren Servern dargestellt und angezeigt werden, \u00e4ndern, l\u00f6schen oder erg\u00e4nzen.<\/p>\n<h3>Verantwortlichkeiten und Garantien<\/h3>\n<p>LetsGonotes SLU erkl\u00e4rt, die notwendigen Ma\u00dfnahmen ergriffen zu haben, die innerhalb ihrer M\u00f6glichkeiten und gem\u00e4\u00df dem Stand der Technik eine korrekte Funktion der Webseite sowie das Nichtvorliegen von Viren und sch\u00e4dlichen Komponenten erm\u00f6glichen. Allerdings \u00fcbernimmt LetsGonotes SLU keine Verantwortung f\u00fcr die folgenden Situationen, welche als Beispiele ohne Anspruch auf Vollst\u00e4ndigkeit zu verstehen sind:<br \/>\u2022 Die Kontinuit\u00e4t und Verf\u00fcgbarkeit der Inhalte.<br \/>\u2022 Das Nichtvorliegen von Fehlern an besagten Inhalten oder die Berichtigung jedes Fehlers, der auftreten k\u00f6nnte.<br \/>\u2022 Nichtvorliegen von Viren und\/oder sonstigen sch\u00e4dlichen Komponenten.<br \/>\u2022 Die Sch\u00e4den oder Benachteiligungen, die von irgendeiner Person verursacht werden, die die Sicherheitssysteme von LetsGonotes SLU verletzt.<br \/>\u2022 Die Nutzung der auf der Webseite enthaltenen Inhalte durch die Benutzer. Somit garantiert LetsGonotes SLU nicht, dass die Nutzung der gegebenenfalls auf der Webseite enthaltenen Inhalte durch die Benutzer dem vorliegenden Rechtshinweis entspricht oder dass die Nutzung der Webseite auf gewissenhafte Weise erfolgt.   <br \/>\u2022 Die Nutzung der Webseite durch Minderj\u00e4hrige oder die \u00dcbermittlung von deren personenbezogenen Daten ohne die Zustimmung ihrer Erziehungsberechtigten, wobei die Erziehungsberechtigten f\u00fcr deren Internetnutzung haften.<br \/>\u2022 Die Inhalte, auf die der Benutzer \u00fcber nicht autorisierte oder von den Benutzern \u00fcber Kommentare oder vergleichbare Werkzeuge eingegebene Links zugreifen k\u00f6nnte.<br \/>\u2022 Die Eingabe von fehlerhaften Daten durch die Benutzer oder Dritte.<\/p>\n<p>LetsGonotes SLU kann die Erreichbarkeit der Webseite ohne Vorank\u00fcndigung vor\u00fcbergehend einstellen, um Wartungs-, Reparatur-, Aktualisierungs- oder Verbesserungsarbeiten vorzunehmen. Daher haftet LetsGonotes SLU in keinem Falle f\u00fcr irgendwelche Sch\u00e4den oder Benachteiligungen, die sich aus der mangelnden Verf\u00fcgbarkeit oder Erreichbarkeit der Webseite oder der Unterbrechung der Funktion der Webseite ableiten k\u00f6nnten. Allerdings benachrichtigt LetsGonotes SLU sofern die Umst\u00e4nde dies zulassen den Benutzer ausreichend im Voraus \u00fcber den geplanten Termin der Unterbrechung der Inhalte.  <\/p>\n<p>In \u00dcbereinstimmung mit den Artikeln 11 und 16 des spanischen Gesetzes 34\/2002 vom 11. Juli \u00fcber die Dienste der Informationsgesellschaft und den Elektronischen Handel (LSSICE) verpflichtet sich LetsGonotes zudem, jene Inhalte zu l\u00f6schen oder gegebenenfalls zu blockieren, die das geltende Gesetz, die Rechte Dritter oder die Moral und die \u00f6ffentliche Ordnung beeintr\u00e4chtigen oder im Widerspruch dazu stehen.  <\/p>\n<h4>Link-Richtlinie<\/h4>\n<p>LetsGonotes SLU haftet nicht f\u00fcr die Inhalte der Webseiten, auf die der Benutzer anhand von Links auf ihrer Webseite zugreifen k\u00f6nnte, und erkl\u00e4rt, dass sie in keinem Falle die Inhalte anderer Webseiten im Netz \u00fcberpr\u00fcft oder irgendeine Art von Kontrolle \u00fcber diese aus\u00fcbt. Ebenso wenig garantiert sie die technische Verf\u00fcgbarkeit, Genauigkeit, Wahrhaftigkeit, G\u00fcltigkeit oder Rechtm\u00e4\u00dfigkeit der Seiten au\u00dferhalb ihres Eigentums, auf die anhand der Links zugegriffen werden kann. <\/p>\n<h2>Richtlinie zum Schutz des geistigen und industriellen Eigentums<\/h2>\n<p>LetsGonotes SLU besitzt das Alleineigentum an den Rechten bez\u00fcglich ihrer Webseite und ihrer sozialen Netzwerke. Daher sind alle Inhalte, das Grafikdesign und die Codes, die Teil von https:\/\/letsgonotes.com\/ sind, das alleinige Eigentum von LetsGonotes SLU. Die Vervielf\u00e4ltigung, Verbreitung, \u00f6ffentliche Bekanntmachung, Umwandlung oder jedwede sonstige Aktivit\u00e4t mit den Inhalten, auch unter Angabe der Quelle, ist untersagt, sofern keine vorherige, ausdr\u00fcckliche und schriftliche Zustimmung von LetsGonotes SLU vorliegt. <\/p>\n<p>LetsGonotes SLU gew\u00e4hrt keinerlei Nutzungsberechtigung jeglicher Art f\u00fcr ihre geistigen und industriellen Eigentumsrechte oder f\u00fcr jedwedes sonstige Eigentum oder Recht in Verbindung mit der Webseite, und es wird in keinem Fall verstanden, dass der Zugriff und das Surfen durch die Benutzer einen Verzicht, eine \u00dcbertragung, Lizenz oder vollst\u00e4ndige oder teilweise Abtretung besagter Rechte durch LetsGonotes SLU impliziert. Jedwede nicht im Voraus von LetsGonotes SLU genehmigte Nutzung dieser Inhalte gilt als schwere Verletzung der geistigen oder industriellen Eigentumsrechte und gibt Veranlassung zu den gesetzlich vorgeschriebenen Verantwortungen. LetsGonotes SLU beh\u00e4lt sich das Recht vor, gegen\u00fcber dem Benutzer alle ihr zustehenden gerichtlichen und au\u00dfergerichtlichen Ma\u00dfnahmen zu ergreifen.  <\/p>\n<h3>Datenschutzklausel<\/h3>\n<p>In \u00dcbereinstimmung mit den Bestimmungen in den geltenden Vorschriften zum Schutz personenbezogener Daten werden die Benutzer darauf hingewiesen, dass ihre Daten in das Register der Verarbeitungsaktivit\u00e4ten im Eigentum von LetsGonotes SLU aufgenommen werden, um gegebenenfalls die beantragten Dienstleistungen zu erbringen.<\/p>\n<p>Zur Erf\u00fcllung der geltenden Vorschriften informiert LetsGonotes SLU, dass die Daten innerhalb der f\u00fcr die Erbringung der Dienstleistungen strikt erforderlichen Zeitr\u00e4ume aufbewahrt werden.<\/p>\n<p>Des Weiteren werden die Daten auf rechtm\u00e4\u00dfige, redliche, transparente, angemessene, angebrachte, eingeschr\u00e4nkte, genaue und aktualisierte Weise verarbeitet. Daher verpflichtet sich LetsGonotes SLU, alle zumutbaren technischen und Sicherheitsma\u00dfnahmen zu ergreifen, damit die Daten unverz\u00fcglich gel\u00f6scht oder berichtigt werden, falls sie unrichtig sind.<br \/>In \u00dcbereinstimmung mit den Datenschutzvorschriften k\u00f6nnen die Benutzer ihre Rechte auf Zugriff, Berichtigung, Einschr\u00e4nkung der Verarbeitung, L\u00f6schung, \u00dcbertragbarkeit und Widerspruch gegen die Verarbeitung ihrer personenbezogenen Daten geltend machen sowie die f\u00fcr die Verarbeitung derselben erteilte Zustimmung widerrufen. Der entsprechende Antrag ist an die folgende E-Mail-Adresse zu richten: hola@letsgonotes.com.  <\/p>\n<h3>Vorbehalt des Rechts auf \u00c4nderung des vorliegenden Rechtshinweises<\/h3>\n<p>LetsGonotes SLU beh\u00e4lt sich das Recht vor, den vorliegenden Rechtshinweis aus technischen Gr\u00fcnden, aufgrund von \u00c4nderungen der von LetsGonotes SLU angebotenen Dienstleistungen, aufgrund von strategischen Entscheidungen des Unternehmens oder, um ihn an jedwede Gesetzes\u00e4nderung oder -neuheit anzupassen, abzu\u00e4ndern. In diesen F\u00e4llen wird auf der vorliegenden Webseite ausreichend im Voraus \u00fcber die \u00c4nderungen informiert, die erfolgen werden, sowie, ab wann diese wirksam werden.<br \/>Wenn der Benutzer nicht mit den \u00c4nderungen einverstanden ist, muss er die Nutzung der Webseite einstellen. Die Nutzung der Webseite nach der Vornahme der \u00c4nderungen wird als Akzeptanz derselben durch die Benutzer angesehen.  <\/p>\n<h3>Nichtigkeit<\/h3>\n<p>Sollte irgendeine der vorliegenden Bestimmungen f\u00fcr nichtig, ung\u00fcltig oder nicht anwendbar erkl\u00e4rt werden, wird die besagte Bestimmung (oder der Teil davon, der f\u00fcr nichtig, ung\u00fcltig oder nicht anwendbar erkl\u00e4rt wird) au\u00dfer Kraft gesetzt, ohne dass sich dies auf die G\u00fcltigkeit und Anwendbarkeit der restlichen Bestimmungen auswirkt.<\/p>\n<h4>Nehmen Sie Kontakt zu uns auf<\/h4>\n<p>Um Kontakt zu uns aufzunehmen, k\u00f6nnen Sie die oben angegebene Adresse oder die auf der Webseite angegebene Telefonnummer nutzen.<\/p>\n<p>[\/et_pb_text][\/et_pb_column][\/et_pb_row][\/et_pb_section]<\/p>\n","protected":false},"excerpt":{"rendered":"<p>Pulpi, Besch\u00fctzer&#8230; der DatenRechtliche Informationen Zur Erf\u00fcllung der in Artikel 10 des spanischen Gesetzes 34\/2002 vom 11. Juli \u00fcber Dienste der Informationsgesellschaft und Elektronischen Handel enthaltenen Auskunftspflicht weisen wir Sie darauf hin, dass der Inhalt dieser Webseite https:\/\/letsgonotes.com\/ (nachstehend die \u201eWebseite\u201c) Eigentum von LetsGonotes SLU mit Gesellschaftssitz in Departamento N\u00ba 9. Zona Franca de Vigo [&hellip;]<\/p>\n","protected":false},"author":2,"featured_media":0,"parent":0,"menu_order":0,"comment_status":"closed","ping_status":"closed","template":"","meta":{"_et_pb_use_builder":"on","_et_pb_old_content":"","_et_gb_content_width":"","footnotes":""},"class_list":["post-5421","page","type-page","status-publish","hentry"],"_links":{"self":[{"href":"https:\/\/letsgonotes.com\/de\/wp-json\/wp\/v2\/pages\/5421","targetHints":{"allow":["GET"]}}],"collection":[{"href":"https:\/\/letsgonotes.com\/de\/wp-json\/wp\/v2\/pages"}],"about":[{"href":"https:\/\/letsgonotes.com\/de\/wp-json\/wp\/v2\/types\/page"}],"author":[{"embeddable":true,"href":"https:\/\/letsgonotes.com\/de\/wp-json\/wp\/v2\/users\/2"}],"replies":[{"embeddable":true,"href":"https:\/\/letsgonotes.com\/de\/wp-json\/wp\/v2\/comments?post=5421"}],"version-history":[{"count":3,"href":"https:\/\/letsgonotes.com\/de\/wp-json\/wp\/v2\/pages\/5421\/revisions"}],"predecessor-version":[{"id":5879,"href":"https:\/\/letsgonotes.com\/de\/wp-json\/wp\/v2\/pages\/5421\/revisions\/5879"}],"wp:attachment":[{"href":"https:\/\/letsgonotes.com\/de\/wp-json\/wp\/v2\/media?parent=5421"}],"curies":[{"name":"wp","href":"https:\/\/api.w.org\/{rel}","templated":true}]}}