{"id":5427,"date":"2022-10-20T09:19:13","date_gmt":"2022-10-20T09:19:13","guid":{"rendered":"https:\/\/letsgonotes.com\/shop\/"},"modified":"2024-11-05T12:15:32","modified_gmt":"2024-11-05T12:15:32","slug":"shop","status":"publish","type":"page","link":"https:\/\/letsgonotes.com\/de\/shop\/","title":{"rendered":"Shop"},"content":{"rendered":"<p>[et_pb_section fb_built=&#8220;1&#8243; _builder_version=&#8220;4.18.0&#8243; _module_preset=&#8220;default&#8220; background_enable_color=&#8220;off&#8220; custom_margin=&#8220;||||false|false&#8220; custom_margin_tablet=&#8220;||||false|false&#8220; custom_margin_phone=&#8220;||||false|false&#8220; custom_margin_last_edited=&#8220;on|phone&#8220; bottom_divider_style=&#8220;waves&#8220; bottom_divider_color=&#8220;#499dd7&#8243; bottom_divider_height=&#8220;153px&#8220; da_disable_devices=&#8220;off|off|off&#8220; global_colors_info=&#8220;{}&#8220; da_is_popup=&#8220;off&#8220; da_exit_intent=&#8220;off&#8220; da_has_close=&#8220;on&#8220; da_alt_close=&#8220;off&#8220; da_dark_close=&#8220;off&#8220; da_not_modal=&#8220;on&#8220; da_is_singular=&#8220;off&#8220; da_with_loader=&#8220;off&#8220; da_has_shadow=&#8220;on&#8220;][et_pb_row column_structure=&#8220;1_2,1_2&#8243; use_custom_gutter=&#8220;on&#8220; gutter_width=&#8220;1&#8243; _builder_version=&#8220;4.18.0&#8243; _module_preset=&#8220;default&#8220; width=&#8220;56%&#8220; width_tablet=&#8220;44%&#8220; width_phone=&#8220;59%&#8220; width_last_edited=&#8220;on|phone&#8220; custom_margin=&#8220;||-89px||false|false&#8220; custom_margin_tablet=&#8220;&#8220; custom_margin_phone=&#8220;||-48px||false|false&#8220; custom_margin_last_edited=&#8220;on|phone&#8220; global_colors_info=&#8220;{}&#8220;][et_pb_column type=&#8220;1_2&#8243; _builder_version=&#8220;4.18.0&#8243; _module_preset=&#8220;default&#8220; global_colors_info=&#8220;{}&#8220;][et_pb_text _builder_version=&#8220;4.18.0&#8243; _module_preset=&#8220;default&#8220; header_font=&#8220;|700|||||||&#8220; header_text_align=&#8220;center&#8220; header_text_color=&#8220;#000000&#8243; header_font_size=&#8220;34px&#8220; background_color=&#8220;#ffd000&#8243; transform_scale_tablet=&#8220;&#8220; transform_scale_phone=&#8220;&#8220; transform_scale_last_edited=&#8220;on|tablet&#8220; transform_translate=&#8220;99px|0px&#8220; transform_translate_tablet=&#8220;-75px|22px&#8220; transform_translate_phone=&#8220;-43px|1px&#8220; transform_translate_last_edited=&#8220;on|phone&#8220; transform_translate_linked=&#8220;off&#8220; transform_rotate_tablet=&#8220;&#8220; transform_rotate_phone=&#8220;&#8220; transform_rotate_last_edited=&#8220;on|tablet&#8220; transform_skew_tablet=&#8220;&#8220; transform_skew_phone=&#8220;&#8220; transform_skew_last_edited=&#8220;on|tablet&#8220; transform_origin_tablet=&#8220;&#8220; transform_origin_phone=&#8220;&#8220; transform_origin_last_edited=&#8220;on|tablet&#8220; transform_styles_last_edited=&#8220;on|phone&#8220; width=&#8220;57%&#8220; module_alignment=&#8220;right&#8220; custom_margin=&#8220;||||false|false&#8220; custom_margin_tablet=&#8220;|-2px||-99px|false|false&#8220; custom_margin_phone=&#8220;|-37px||-37px|false|false&#8220; custom_margin_last_edited=&#8220;on|phone&#8220; custom_padding=&#8220;19px|0px|19px||true|false&#8220; custom_padding_tablet=&#8220;19px|21px|19px||true|false&#8220; custom_padding_phone=&#8220;19px|5px|19px||true|false&#8220; custom_padding_last_edited=&#8220;on|desktop&#8220; animation_style=&#8220;fold&#8220; header_font_size_tablet=&#8220;30px&#8220; header_font_size_phone=&#8220;20px&#8220; header_font_size_last_edited=&#8220;on|tablet&#8220; transform_styles_tablet=&#8220;&#8220; transform_styles_phone=&#8220;&#8220; border_radii=&#8220;on|12px|12px|12px|12px&#8220; global_colors_info=&#8220;{}&#8220;]<\/p>\n<h1>Shop<\/h1>\n<p>[\/et_pb_text][\/et_pb_column][et_pb_column type=&#8220;1_2&#8243; _builder_version=&#8220;4.18.0&#8243; _module_preset=&#8220;default&#8220; global_colors_info=&#8220;{}&#8220;][et_pb_image src=&#8220;https:\/\/letsgonotes.com\/wp-content\/uploads\/2022\/10\/pulpi-slider.png&#8220; title_text=&#8220;pulpi-slider-de&#8220; _builder_version=&#8220;4.18.0&#8243; _module_preset=&#8220;default&#8220; transform_scale_tablet=&#8220;&#8220; transform_scale_phone=&#8220;118%|118%&#8220; transform_scale_last_edited=&#8220;on|phone&#8220; transform_translate_tablet=&#8220;&#8220; transform_translate_phone=&#8220;-22px|22px&#8220; transform_translate_last_edited=&#8220;on|phone&#8220; transform_translate_linked_phone=&#8220;off&#8220; transform_rotate_tablet=&#8220;&#8220; transform_rotate_phone=&#8220;&#8220; transform_rotate_last_edited=&#8220;on|phone&#8220; transform_skew_tablet=&#8220;&#8220; transform_skew_phone=&#8220;&#8220; transform_skew_last_edited=&#8220;on|phone&#8220; transform_origin_tablet=&#8220;&#8220; transform_origin_phone=&#8220;&#8220; transform_origin_last_edited=&#8220;on|phone&#8220; transform_styles_last_edited=&#8220;on|phone&#8220; custom_margin=&#8220;-74px|-22px||-39px|false|false&#8220; custom_margin_tablet=&#8220;-94px|-109px||21px|false|false&#8220; custom_margin_phone=&#8220;-93px|0px||0px|false|false&#8220; custom_margin_last_edited=&#8220;on|phone&#8220; animation_style=&#8220;slide&#8220; transform_styles_tablet=&#8220;&#8220; transform_styles_phone=&#8220;&#8220; global_colors_info=&#8220;{}&#8220;][\/et_pb_image][\/et_pb_column][\/et_pb_row][\/et_pb_section][et_pb_section fb_built=&#8220;1&#8243; _builder_version=&#8220;4.18.0&#8243; _module_preset=&#8220;default&#8220; background_color=&#8220;#499dd7&#8243; min_height=&#8220;1000px&#8220; custom_margin=&#8220;-1px|||||&#8220; custom_margin_tablet=&#8220;&#8220; custom_margin_phone=&#8220;0px||||false|false&#8220; custom_margin_last_edited=&#8220;on|phone&#8220; da_disable_devices=&#8220;off|off|off&#8220; global_colors_info=&#8220;{}&#8220; da_is_popup=&#8220;off&#8220; da_exit_intent=&#8220;off&#8220; da_has_close=&#8220;on&#8220; da_alt_close=&#8220;off&#8220; da_dark_close=&#8220;off&#8220; da_not_modal=&#8220;on&#8220; da_is_singular=&#8220;off&#8220; da_with_loader=&#8220;off&#8220; da_has_shadow=&#8220;on&#8220;][et_pb_row _builder_version=&#8220;4.18.0&#8243; _module_preset=&#8220;default&#8220; custom_margin=&#8220;28px||28px||true|false&#8220; global_colors_info=&#8220;{}&#8220;][et_pb_column type=&#8220;4_4&#8243; _builder_version=&#8220;4.18.0&#8243; _module_preset=&#8220;default&#8220; global_colors_info=&#8220;{}&#8220;][et_pb_text disabled_on=&#8220;off|off|off&#8220; _builder_version=&#8220;4.18.0&#8243; _module_preset=&#8220;default&#8220; text_font=&#8220;|300|||||||&#8220; text_text_color=&#8220;#FFFFFF&#8220; text_font_size=&#8220;17px&#8220; background_enable_image=&#8220;off&#8220; background_size=&#8220;custom&#8220; background_image_width=&#8220;41%&#8220; background_image_height=&#8220;67%&#8220; background_position=&#8220;center_left&#8220; background_horizontal_offset=&#8220;-3%&#8220; custom_margin=&#8220;||||false|false&#8220; custom_margin_tablet=&#8220;|0px|||false|false&#8220; custom_margin_phone=&#8220;-30px|0px|||false|false&#8220; custom_margin_last_edited=&#8220;on|tablet&#8220; custom_padding=&#8220;||||true|false&#8220; custom_padding_tablet=&#8220;23px|0px|23px||true|false&#8220; custom_padding_phone=&#8220;23px|0px|23px||true|false&#8220; custom_padding_last_edited=&#8220;on|tablet&#8220; text_font_size_tablet=&#8220;20px&#8220; text_font_size_phone=&#8220;20px&#8220; text_font_size_last_edited=&#8220;on|tablet&#8220; background_last_edited=&#8220;on|tablet&#8220; background_image_tablet=&#8220;https:\/\/letsgonotes.com\/wp-content\/uploads\/2022\/10\/note-titulo.png&#8220; background_enable_image_tablet=&#8220;on&#8220; background_enable_image_phone=&#8220;off&#8220; background_size_tablet=&#8220;custom&#8220; background_size_phone=&#8220;contain&#8220; background_image_width_tablet=&#8220;47%&#8220; background_image_width_phone=&#8220;82%&#8220; background_image_height_phone=&#8220;69%&#8220; background_position_tablet=&#8220;top_left&#8220; background_position_phone=&#8220;top_left&#8220; background_horizontal_offset_tablet=&#8220;3%&#8220; background_horizontal_offset_phone=&#8220;-24%&#8220; background_vertical_offset_tablet=&#8220;60%&#8220; background_vertical_offset_phone=&#8220;54%&#8220; text_orientation_tablet=&#8220;center&#8220; text_orientation_phone=&#8220;center&#8220; text_orientation_last_edited=&#8220;on|tablet&#8220; global_colors_info=&#8220;{}&#8220;]<\/p>\n<p>Wir wissen, dass du dich so schnell verliebt hast, dass du LetsGo unbedingt haben musst, und zwar SOFORT! Wir machen es dir ganz einfach, denn wir wissen, worum es bei der Liebe geht: unseren fantastischen und gut sortierten Online-Shop. Zeig uns die Knete, mein Freund!  <\/p>\n<p>[\/et_pb_text][\/et_pb_column][\/et_pb_row][et_pb_row disabled_on=&#8220;off|off|off&#8220; _builder_version=&#8220;4.18.0&#8243; _module_preset=&#8220;default&#8220; width=&#8220;100%&#8220; max_width=&#8220;1220px&#8220; custom_margin=&#8220;35px|auto||auto|false|false&#8220; custom_padding=&#8220;0px|46px||46px|false|true&#8220; global_colors_info=&#8220;{}&#8220;][et_pb_column type=&#8220;4_4&#8243; _builder_version=&#8220;4.18.0&#8243; _module_preset=&#8220;default&#8220; global_colors_info=&#8220;{}&#8220;][et_pb_shop posts_number=&#8220;100&#8243; columns_number=&#8220;3&#8243; icon_hover_color=&#8220;#FFFFFF&#8220; _builder_version=&#8220;4.20.4&#8243; _module_preset=&#8220;default&#8220; title_font=&#8220;|700|||||||&#8220; title_text_color=&#8220;#000000&#8243; title_font_size=&#8220;16px&#8220; price_font=&#8220;|800|||||||&#8220; price_text_color=&#8220;#000000&#8243; price_font_size=&#8220;20px&#8220; sale_price_text_color=&#8220;#000000&#8243; border_radii_image=&#8220;on|22px|22px|22px|22px&#8220; border_color_all_image=&#8220;#ffffff&#8220; global_colors_info=&#8220;{}&#8220;][\/et_pb_shop][\/et_pb_column][\/et_pb_row][\/et_pb_section][et_pb_section fb_built=&#8220;1&#8243; _builder_version=&#8220;4.18.0&#8243; _module_preset=&#8220;default&#8220; background_color=&#8220;#FFFFFF&#8220; custom_padding=&#8220;2px||4px|||&#8220; da_disable_devices=&#8220;off|off|off&#8220; global_colors_info=&#8220;{}&#8220; da_is_popup=&#8220;off&#8220; da_exit_intent=&#8220;off&#8220; da_has_close=&#8220;on&#8220; da_alt_close=&#8220;off&#8220; da_dark_close=&#8220;off&#8220; da_not_modal=&#8220;on&#8220; da_is_singular=&#8220;off&#8220; da_with_loader=&#8220;off&#8220; da_has_shadow=&#8220;on&#8220;][et_pb_row column_structure=&#8220;1_4,3_4&#8243; use_custom_gutter=&#8220;on&#8220; gutter_width=&#8220;1&#8243; _builder_version=&#8220;4.18.0&#8243; _module_preset=&#8220;default&#8220; width=&#8220;100%&#8220; max_width=&#8220;1220px&#8220; custom_padding=&#8220;29px||9px||false|false&#8220; global_colors_info=&#8220;{}&#8220;][et_pb_column type=&#8220;1_4&#8243; _builder_version=&#8220;4.18.0&#8243; _module_preset=&#8220;default&#8220; global_colors_info=&#8220;{}&#8220;][et_pb_image src=&#8220;https:\/\/letsgonotes.com\/wp-content\/uploads\/2022\/10\/icono-carro.png&#8220; title_text=&#8220;icono-carro-de&#8220; align=&#8220;right&#8220; align_tablet=&#8220;center&#8220; align_phone=&#8220;center&#8220; align_last_edited=&#8220;on|tablet&#8220; _builder_version=&#8220;4.18.0&#8243; _module_preset=&#8220;default&#8220; custom_margin_tablet=&#8220;11px|181px|-24px||false|false&#8220; custom_margin_phone=&#8220;11px|169px|-24px|0px|false|false&#8220; custom_margin_last_edited=&#8220;on|tablet&#8220; animation_style=&#8220;zoom&#8220; global_colors_info=&#8220;{}&#8220;][\/et_pb_image][\/et_pb_column][et_pb_column type=&#8220;3_4&#8243; _builder_version=&#8220;4.18.0&#8243; _module_preset=&#8220;default&#8220; global_colors_info=&#8220;{}&#8220;][et_pb_text disabled_on=&#8220;on|off|off&#8220; _builder_version=&#8220;4.18.0&#8243; _module_preset=&#8220;default&#8220; text_font=&#8220;|700|||||||&#8220; text_text_color=&#8220;#000000&#8243; text_font_size=&#8220;21px&#8220; background_image=&#8220;https:\/\/letsgonotes.com\/wp-content\/uploads\/2022\/10\/fondo-amarillo-palabra.png&#8220; background_size=&#8220;custom&#8220; background_image_width=&#8220;41%&#8220; background_image_height=&#8220;67%&#8220; background_position=&#8220;center_left&#8220; background_horizontal_offset=&#8220;-3%&#8220; custom_margin=&#8220;11px|121px|||false|false&#8220; custom_margin_tablet=&#8220;|0px|||false|false&#8220; custom_margin_phone=&#8220;|0px|||false|false&#8220; custom_margin_last_edited=&#8220;on|tablet&#8220; custom_padding=&#8220;23px|80px|23px|8px|true|false&#8220; custom_padding_tablet=&#8220;23px|0px|23px||true|false&#8220; custom_padding_phone=&#8220;23px|0px|23px||true|false&#8220; custom_padding_last_edited=&#8220;on|tablet&#8220; text_font_size_tablet=&#8220;20px&#8220; text_font_size_phone=&#8220;20px&#8220; text_font_size_last_edited=&#8220;on|tablet&#8220; background_last_edited=&#8220;on|tablet&#8220; background_image_tablet=&#8220;https:\/\/letsgonotes.com\/wp-content\/uploads\/2022\/10\/note-titulo.png&#8220; background_image_phone=&#8220;https:\/\/letsgonotes.com\/wp-content\/uploads\/2022\/10\/fondo-palabra-largo.png&#8220; background_enable_image_tablet=&#8220;on&#8220; background_enable_image_phone=&#8220;on&#8220; background_size_tablet=&#8220;custom&#8220; background_size_phone=&#8220;contain&#8220; background_image_width_tablet=&#8220;47%&#8220; background_image_width_phone=&#8220;82%&#8220; background_image_height_phone=&#8220;69%&#8220; background_position_tablet=&#8220;top_left&#8220; background_position_phone=&#8220;top_left&#8220; background_horizontal_offset_tablet=&#8220;3%&#8220; background_horizontal_offset_phone=&#8220;-24%&#8220; background_vertical_offset_tablet=&#8220;60%&#8220; background_vertical_offset_phone=&#8220;54%&#8220; text_orientation_tablet=&#8220;center&#8220; text_orientation_phone=&#8220;center&#8220; text_orientation_last_edited=&#8220;on|tablet&#8220; global_colors_info=&#8220;{}&#8220;]<\/p>\n<p>Bei Eink\u00e4ufen \u00fcber 60 \u20ac sind die Versandkosten inbegriffen.<\/p>\n<p>[\/et_pb_text][et_pb_text disabled_on=&#8220;off|on|on&#8220; _builder_version=&#8220;4.18.0&#8243; _module_preset=&#8220;default&#8220; text_font=&#8220;|700|||||||&#8220; text_text_color=&#8220;#000000&#8243; text_font_size=&#8220;21px&#8220; background_image=&#8220;https:\/\/letsgonotes.com\/wp-content\/uploads\/2022\/10\/fondo-amarillo-palabra.png&#8220; background_size=&#8220;custom&#8220; background_image_width=&#8220;41%&#8220; background_image_height=&#8220;67%&#8220; background_position=&#8220;center_left&#8220; background_horizontal_offset=&#8220;-3%&#8220; custom_margin=&#8220;11px|121px|||false|false&#8220; custom_margin_tablet=&#8220;|0px|||false|false&#8220; custom_margin_phone=&#8220;||||false|false&#8220; custom_margin_last_edited=&#8220;on|tablet&#8220; custom_padding=&#8220;23px|80px|23px|8px|true|false&#8220; custom_padding_tablet=&#8220;23px|0px|23px||true|false&#8220; custom_padding_phone=&#8220;23px|18px|23px|0px|true|false&#8220; custom_padding_last_edited=&#8220;on|tablet&#8220; text_font_size_tablet=&#8220;20px&#8220; text_font_size_phone=&#8220;20px&#8220; text_font_size_last_edited=&#8220;on|tablet&#8220; background_last_edited=&#8220;on|tablet&#8220; background_image_tablet=&#8220;https:\/\/letsgonotes.com\/wp-content\/uploads\/2022\/10\/note-titulo.png&#8220; background_image_phone=&#8220;https:\/\/letsgonotes.com\/wp-content\/uploads\/2022\/10\/fondo-palabra-largo.png&#8220; background_enable_image_tablet=&#8220;on&#8220; background_enable_image_phone=&#8220;on&#8220; background_size_tablet=&#8220;custom&#8220; background_size_phone=&#8220;custom&#8220; background_image_width_tablet=&#8220;47%&#8220; background_image_width_phone=&#8220;86%&#8220; background_image_height_phone=&#8220;94%&#8220; background_position_tablet=&#8220;top_left&#8220; background_position_phone=&#8220;center&#8220; background_horizontal_offset_tablet=&#8220;3%&#8220; background_horizontal_offset_phone=&#8220;-24%&#8220; background_vertical_offset_tablet=&#8220;60%&#8220; background_vertical_offset_phone=&#8220;54%&#8220; text_orientation_tablet=&#8220;center&#8220; text_orientation_phone=&#8220;center&#8220; text_orientation_last_edited=&#8220;on|tablet&#8220; global_colors_info=&#8220;{}&#8220;]<\/p>\n<p>Versandkosten inklusive<\/p>\n<p>[\/et_pb_text][et_pb_text disabled_on=&#8220;off|on|on&#8220; _builder_version=&#8220;4.18.0&#8243; _module_preset=&#8220;default&#8220; text_font=&#8220;|700|||||||&#8220; text_text_color=&#8220;#000000&#8243; text_font_size=&#8220;21px&#8220; background_enable_image=&#8220;off&#8220; background_size=&#8220;custom&#8220; background_image_width=&#8220;41%&#8220; background_image_height=&#8220;67%&#8220; background_position=&#8220;center_left&#8220; background_horizontal_offset=&#8220;-3%&#8220; custom_margin=&#8220;11px|121px|||false|false&#8220; custom_margin_tablet=&#8220;|0px|||false|false&#8220; custom_margin_phone=&#8220;-30px|0px|||false|false&#8220; custom_margin_last_edited=&#8220;on|tablet&#8220; custom_padding=&#8220;23px|80px|23px|8px|true|false&#8220; custom_padding_tablet=&#8220;23px|0px|23px||true|false&#8220; custom_padding_phone=&#8220;23px|0px|23px||true|false&#8220; custom_padding_last_edited=&#8220;on|tablet&#8220; text_font_size_tablet=&#8220;20px&#8220; text_font_size_phone=&#8220;20px&#8220; text_font_size_last_edited=&#8220;on|tablet&#8220; background_last_edited=&#8220;on|tablet&#8220; background_image_tablet=&#8220;https:\/\/letsgonotes.com\/wp-content\/uploads\/2022\/10\/note-titulo.png&#8220; background_enable_image_tablet=&#8220;on&#8220; background_enable_image_phone=&#8220;off&#8220; background_size_tablet=&#8220;custom&#8220; background_size_phone=&#8220;contain&#8220; background_image_width_tablet=&#8220;47%&#8220; background_image_width_phone=&#8220;82%&#8220; background_image_height_phone=&#8220;69%&#8220; background_position_tablet=&#8220;top_left&#8220; background_position_phone=&#8220;top_left&#8220; background_horizontal_offset_tablet=&#8220;3%&#8220; background_horizontal_offset_phone=&#8220;-24%&#8220; background_vertical_offset_tablet=&#8220;60%&#8220; background_vertical_offset_phone=&#8220;54%&#8220; text_orientation_tablet=&#8220;center&#8220; text_orientation_phone=&#8220;center&#8220; text_orientation_last_edited=&#8220;on|tablet&#8220; global_colors_info=&#8220;{}&#8220;]<\/p>\n<p>Bei Eink\u00e4ufen \u00fcber 60 \u20ac<\/p>\n<p>[\/et_pb_text][\/et_pb_column][\/et_pb_row][et_pb_row _builder_version=&#8220;4.18.0&#8243; _module_preset=&#8220;default&#8220; custom_margin=&#8220;|auto|23px|auto||&#8220; custom_padding=&#8220;1px|||||&#8220; global_colors_info=&#8220;{}&#8220;][et_pb_column type=&#8220;4_4&#8243; _builder_version=&#8220;4.18.0&#8243; _module_preset=&#8220;default&#8220; global_colors_info=&#8220;{}&#8220;][et_pb_text _builder_version=&#8220;4.18.0&#8243; _module_preset=&#8220;default&#8220; text_font_size=&#8220;17px&#8220; global_colors_info=&#8220;{}&#8220;]<\/p>\n<p>Ah, verstehe! Du bist von der alten Schule, einer dieser Menschen, die sehen, anfassen und f\u00fchlen m\u00fcssen, bevor sie etwas kaufen. Nun, wir haben auch eine Option f\u00fcr dich: Finde deine LetsGo in den Gesch\u00e4ften  <\/p>\n<p>[\/et_pb_text][\/et_pb_column][\/et_pb_row][et_pb_row column_structure=&#8220;1_3,1_3,1_3&#8243; _builder_version=&#8220;4.18.0&#8243; _module_preset=&#8220;default&#8220; custom_padding=&#8220;||46px|||&#8220; global_colors_info=&#8220;{}&#8220;][et_pb_column type=&#8220;1_3&#8243; _builder_version=&#8220;4.18.0&#8243; _module_preset=&#8220;default&#8220; global_colors_info=&#8220;{}&#8220;][et_pb_text _builder_version=&#8220;4.18.0&#8243; _module_preset=&#8220;default&#8220; text_orientation=&#8220;center&#8220; global_colors_info=&#8220;{}&#8220;]<\/p>\n<p><a href=\"https:\/\/tevasco.com\/es\/pagina\/56-nuestras-tiendas\" target=\"_blank\" rel=\"nofollow noopener\"><img loading=\"lazy\" decoding=\"async\" src=\"\/wp-content\/uploads\/2022\/12\/tevasco-logo.webp\" width=\"224\" height=\"71\" alt=\"\" class=\"wp-image-2876 alignnone size-full\"><\/a><\/p>\n<p>[\/et_pb_text][\/et_pb_column][et_pb_column type=&#8220;1_3&#8243; _builder_version=&#8220;4.18.0&#8243; _module_preset=&#8220;default&#8220; global_colors_info=&#8220;{}&#8220;][\/et_pb_column][et_pb_column type=&#8220;1_3&#8243; _builder_version=&#8220;4.18.0&#8243; _module_preset=&#8220;default&#8220; global_colors_info=&#8220;{}&#8220;][\/et_pb_column][\/et_pb_row][\/et_pb_section]<\/p>\n","protected":false},"excerpt":{"rendered":"<p>ShopWir wissen, dass du dich so schnell verliebt hast, dass du LetsGo unbedingt haben musst, und zwar SOFORT! Wir machen es dir ganz einfach, denn wir wissen, worum es bei der Liebe geht: unseren fantastischen und gut sortierten Online-Shop. Zeig uns die Knete, mein Freund! Bei Eink\u00e4ufen \u00fcber 60 \u20ac sind die Versandkosten inbegriffen.Versandkosten inklusiveBei [&hellip;]<\/p>\n","protected":false},"author":2,"featured_media":0,"parent":0,"menu_order":0,"comment_status":"closed","ping_status":"closed","template":"","meta":{"_et_pb_use_builder":"on","_et_pb_old_content":"","_et_gb_content_width":"","footnotes":""},"class_list":["post-5427","page","type-page","status-publish","hentry"],"_links":{"self":[{"href":"https:\/\/letsgonotes.com\/de\/wp-json\/wp\/v2\/pages\/5427","targetHints":{"allow":["GET"]}}],"collection":[{"href":"https:\/\/letsgonotes.com\/de\/wp-json\/wp\/v2\/pages"}],"about":[{"href":"https:\/\/letsgonotes.com\/de\/wp-json\/wp\/v2\/types\/page"}],"author":[{"embeddable":true,"href":"https:\/\/letsgonotes.com\/de\/wp-json\/wp\/v2\/users\/2"}],"replies":[{"embeddable":true,"href":"https:\/\/letsgonotes.com\/de\/wp-json\/wp\/v2\/comments?post=5427"}],"version-history":[{"count":6,"href":"https:\/\/letsgonotes.com\/de\/wp-json\/wp\/v2\/pages\/5427\/revisions"}],"predecessor-version":[{"id":5896,"href":"https:\/\/letsgonotes.com\/de\/wp-json\/wp\/v2\/pages\/5427\/revisions\/5896"}],"wp:attachment":[{"href":"https:\/\/letsgonotes.com\/de\/wp-json\/wp\/v2\/media?parent=5427"}],"curies":[{"name":"wp","href":"https:\/\/api.w.org\/{rel}","templated":true}]}}