{"id":5478,"date":"2022-10-19T10:03:44","date_gmt":"2022-10-19T08:03:44","guid":{"rendered":"https:\/\/letsgonotes.com\/datenschutzrichtlinie\/"},"modified":"2026-04-22T23:51:14","modified_gmt":"2026-04-22T21:51:14","slug":"datenschutzrichtlinie","status":"publish","type":"page","link":"https:\/\/letsgonotes.com\/de\/datenschutzrichtlinie\/","title":{"rendered":"Datenschutzrichtlinie"},"content":{"rendered":"<p>[et_pb_section fb_built=&#8220;1&#8243; custom_padding_last_edited=&#8220;on|phone&#8220; next_background_color=&#8220;#ffffff&#8220; _builder_version=&#8220;4.18.0&#8243; _module_preset=&#8220;default&#8220; background_color=&#8220;#499ed7&#8243; custom_padding=&#8220;||31px|||&#8220; custom_padding_tablet=&#8220;||31px|||&#8220; custom_padding_phone=&#8220;||25px||false|false&#8220; bottom_divider_style=&#8220;waves&#8220; bottom_divider_height=&#8220;163px&#8220; bottom_divider_flip=&#8220;horizontal|vertical&#8220; bottom_divider_height_tablet=&#8220;163px&#8220; bottom_divider_height_phone=&#8220;138px&#8220; bottom_divider_height_last_edited=&#8220;on|phone&#8220; bottom_divider_repeat_tablet=&#8220;&#8220; bottom_divider_repeat_phone=&#8220;1x&#8220; bottom_divider_repeat_last_edited=&#8220;on|phone&#8220; bottom_divider_flip_tablet=&#8220;horizontal|vertical&#8220; bottom_divider_flip_phone=&#8220;vertical|horizontal&#8220; bottom_divider_flip_last_edited=&#8220;on|phone&#8220; da_disable_devices=&#8220;off|off|off&#8220; global_colors_info=&#8220;{}&#8220; da_is_popup=&#8220;off&#8220; da_exit_intent=&#8220;off&#8220; da_has_close=&#8220;on&#8220; da_alt_close=&#8220;off&#8220; da_dark_close=&#8220;off&#8220; da_not_modal=&#8220;on&#8220; da_is_singular=&#8220;off&#8220; da_with_loader=&#8220;off&#8220; da_has_shadow=&#8220;on&#8220;][et_pb_row column_structure=&#8220;3_4,1_4&#8243; _builder_version=&#8220;4.18.0&#8243; _module_preset=&#8220;default&#8220; max_width=&#8220;1273px&#8220; custom_margin=&#8220;||||false|false&#8220; custom_margin_tablet=&#8220;-48px||||false|false&#8220; custom_margin_phone=&#8220;-63px||||false|false&#8220; custom_margin_last_edited=&#8220;on|phone&#8220; global_colors_info=&#8220;{}&#8220;][et_pb_column type=&#8220;3_4&#8243; _builder_version=&#8220;4.18.0&#8243; _module_preset=&#8220;default&#8220; global_colors_info=&#8220;{}&#8220;][et_pb_text _builder_version=&#8220;4.18.0&#8243; _module_preset=&#8220;default&#8220; header_font=&#8220;|700|||||||&#8220; header_text_align=&#8220;center&#8220; header_text_color=&#8220;#000000&#8243; header_font_size=&#8220;2vw&#8220; background_image=&#8220;https:\/\/letsgonotes.com\/wp-content\/uploads\/2022\/11\/fondo-titulo-somos.png&#8220; background_size=&#8220;custom&#8220; background_image_width=&#8220;75%&#8220; background_image_height=&#8220;100%&#8220; width=&#8220;100%&#8220; module_alignment=&#8220;right&#8220; custom_margin=&#8220;55px||||false|false&#8220; custom_padding=&#8220;28px||28px||true|false&#8220; header_font_size_tablet=&#8220;2vw&#8220; header_font_size_phone=&#8220;18px&#8220; header_font_size_last_edited=&#8220;on|phone&#8220; background_last_edited=&#8220;on|tablet&#8220; background_image_width_tablet=&#8220;100%&#8220; global_colors_info=&#8220;{}&#8220;]<\/p>\n<h1>Der Datenschutz von Pulpi<\/h1>\n<p>[\/et_pb_text][\/et_pb_column][et_pb_column type=&#8220;1_4&#8243; _builder_version=&#8220;4.18.0&#8243; _module_preset=&#8220;default&#8220; global_colors_info=&#8220;{}&#8220;][et_pb_image src=&#8220;https:\/\/letsgonotes.com\/wp-content\/uploads\/2022\/10\/pulpi-slider.png&#8220; title_text=&#8220;pulpi-slider-de&#8220; align_tablet=&#8220;right&#8220; align_phone=&#8220;right&#8220; align_last_edited=&#8220;on|tablet&#8220; _builder_version=&#8220;4.18.0&#8243; _module_preset=&#8220;default&#8220; transform_scale=&#8220;175%|175%&#8220; transform_scale_tablet=&#8220;103%|103%&#8220; transform_scale_phone=&#8220;104%|104%&#8220; transform_scale_last_edited=&#8220;on|tablet&#8220; transform_translate=&#8220;-129px|0px&#8220; transform_translate_tablet=&#8220;138px|0px&#8220; transform_translate_phone=&#8220;101px|-10px&#8220; transform_translate_last_edited=&#8220;on|tablet&#8220; transform_translate_linked=&#8220;off&#8220; transform_rotate=&#8220;0deg|0deg|342deg&#8220; transform_rotate_tablet=&#8220;0deg|0deg|342deg&#8220; transform_rotate_phone=&#8220;0deg|0deg|342deg&#8220; transform_rotate_last_edited=&#8220;on|tablet&#8220; transform_skew_tablet=&#8220;&#8220; transform_skew_phone=&#8220;&#8220; transform_skew_last_edited=&#8220;on|tablet&#8220; transform_origin_tablet=&#8220;&#8220; transform_origin_phone=&#8220;&#8220; transform_origin_last_edited=&#8220;on|tablet&#8220; transform_styles_last_edited=&#8220;on|tablet&#8220; width_tablet=&#8220;44%&#8220; width_phone=&#8220;59%&#8220; width_last_edited=&#8220;on|tablet&#8220; custom_margin=&#8220;42px|0px|-17px|0px|false|false&#8220; custom_margin_tablet=&#8220;-65px|0px||171px|false|false&#8220; custom_margin_phone=&#8220;-51px|||0px|false|false&#8220; custom_margin_last_edited=&#8220;on|tablet&#8220; transform_styles_tablet=&#8220;&#8220; transform_styles_phone=&#8220;&#8220; global_colors_info=&#8220;{}&#8220;][\/et_pb_image][\/et_pb_column][\/et_pb_row][\/et_pb_section][et_pb_section fb_built=&#8220;1&#8243; _builder_version=&#8220;4.18.0&#8243; _module_preset=&#8220;default&#8220; custom_margin_tablet=&#8220;23px||||false|false&#8220; custom_margin_phone=&#8220;10px||||false|false&#8220; custom_margin_last_edited=&#8220;on|phone&#8220; custom_padding=&#8220;6px|||||&#8220; da_disable_devices=&#8220;off|off|off&#8220; global_colors_info=&#8220;{}&#8220; da_is_popup=&#8220;off&#8220; da_exit_intent=&#8220;off&#8220; da_has_close=&#8220;on&#8220; da_alt_close=&#8220;off&#8220; da_dark_close=&#8220;off&#8220; da_not_modal=&#8220;on&#8220; da_is_singular=&#8220;off&#8220; da_with_loader=&#8220;off&#8220; da_has_shadow=&#8220;on&#8220;][et_pb_row use_custom_gutter=&#8220;on&#8220; custom_padding_last_edited=&#8220;on|tablet&#8220; _builder_version=&#8220;4.18.0&#8243; _module_preset=&#8220;default&#8220; width=&#8220;100%&#8220; max_width=&#8220;1220px&#8220; custom_margin=&#8220;41px||||false|false&#8220; custom_padding=&#8220;|24px||24px|false|true&#8220; custom_padding_tablet=&#8220;|43px||43px|false|true&#8220; custom_padding_phone=&#8220;|43px||43px|false|true&#8220; global_colors_info=&#8220;{}&#8220;][et_pb_column type=&#8220;4_4&#8243; _builder_version=&#8220;4.18.0&#8243; _module_preset=&#8220;default&#8220; global_colors_info=&#8220;{}&#8220;][et_pb_text admin_label=&#8220;Texto&#8220; _builder_version=&#8220;4.18.0&#8243; _module_preset=&#8220;default&#8220; text_font=&#8220;||||||||&#8220; global_colors_info=&#8220;{}&#8220;]<\/p>\n<p>In \u00dcbereinstimmung mit den Artikeln 13 und 14 der VERORDNUNG (EU) 2016\/679 DES EUROP\u00c4ISCHEN PARLAMENTS UND DES RATES vom 27. April 2016 zum Schutz nat\u00fcrlicher Personen bei der Verarbeitung personenbezogener Daten und zum freien Datenverkehr (nachstehend \u201eDSGVO\u201c) und den Artikeln 6 und 11 des spanischen Organgesetzes 3\/2018 vom 5. Dezember \u00fcber den Schutz personenbezogener Daten und die Garantie der digitalen Rechte (nachstehend \u201eLOPDGDD\u201c), per welchem das Recht auf Auskunft bei der Datenerhebung reguliert wird, informieren wir Sie wie folgt. <\/p>\n<p><strong>\u2022 Wer ist f\u00fcr die Verarbeitung Ihrer personenbezogenen Daten verantwortlich?<\/strong><br \/>Die personenbezogenen Daten, die Sie uns \u00fcber die Webseite oder in den mit Ihnen gef\u00fchrten Kommunikationen bereitgestellt haben, sind Gegenstand des Registers der Verarbeitungsaktivit\u00e4ten im Eigentum von Mar\u00eda Dolores Pa\u00f1eda Palacio mit Gesch\u00e4ftssitz in Avda. Montero R\u00edos, 45, 1\u00b0B &#8211; 36390 Bueu, Steuer-ID (CIF) 71701135S. <\/p>\n<p><strong>\u2022 Welche Pr\u00e4senz haben wir in den sozialen Netzwerken?<\/strong><br \/>Mar\u00eda Dolores Pa\u00f1eda Palacio verf\u00fcgt \u00fcber die folgenden Profile in den wesentlichen sozialen Netzwerken im Internet (Facebook, LinkedIn, Youtube, Instagram, Blog und Newsletter).<br \/>Sie ist verantwortlich f\u00fcr die Verarbeitung der Daten Ihrer Benutzer, Follower und Personen, die Kommentare \u00fcber diese Profile abgeben. Dar\u00fcber hinaus, in \u00dcbereinstimmung mit dem Gesetz \u00fcber die Dienste der Informationsgesellschaft und den Elektronischen Handel, lehnt Mar\u00eda Dolores Pa\u00f1eda Palacio jedwede Haftung ab, die sich aus den Kommentaren ihrer Benutzer und Follower in den sozialen Netzwerken ableitet.<br \/>Mar\u00eda Dolores Pa\u00f1eda Palacio kann die zuvor beschriebenen Profile nutzen, um die Benutzer \u00fcber Themen von deren Interesse zu informieren. <\/p>\n<p><strong>\u2022 Welche personenbezogenen Daten werden erhoben?<\/strong><br \/>Folgende personenbezogenen Daten k\u00f6nnen vom Benutzer bereitgestellt werden:<br \/>\u2022 Identifizierungsdaten: Vor- und Nachname, Amt, Funktion, E-Mail-Adresse und\/oder Telefonnummer.<br \/>\u2022 Buchhaltungsdaten: Kontonummer, Bankkarte, etc.<\/p>\n<p><strong>\u2022 Warum und wozu verarbeiten wir Ihre Daten?<\/strong><br \/>In Abh\u00e4ngigkeit der Zwecke m\u00fcssen wir unterschiedliche Daten verarbeiten. Im Allgemeinen handelt es sich dabei je nach Fall um die Folgenden:<br \/>\u2022 Die Webseite dient ausschlie\u00dflich zur Information \u00fcber die von Mar\u00eda Dolores Pa\u00f1eda Palacio angebotenen Dienste als Bildungsplattform. Die Daten k\u00f6nnen verarbeitet werden, um Informationsanfragen \u00fcber diese Dienste zu beantworten. <br \/>\u2022 Die Erhebung und automatisierte Verarbeitung von Daten \u00fcber das Formular auf der Webseite zur Beantragung von Informationen erfolgt, um die M\u00f6glichkeit der Kontaktaufnahme zu uns zu studieren.<br \/>\u2022 Die Webseite stellt \u00fcber Identifizierungs-Videos Informationen bereit.<br \/>\u2022 Die Webseite verf\u00fcgt \u00fcber einen Blog, um Geschichten hochzuladen und zu teilen, die von Interesse f\u00fcr die Benutzer sein k\u00f6nnten.<br \/>\u2022 Um Ihre Bewerbung auf eine Stelle bei Mar\u00eda Dolores Pa\u00f1eda Palacio zu verwalten und zu pflegen, wenn Sie sich auf die Teilnahme an einem Auswahlprozess bewerben. Diese Verarbeitung basiert auf der Zustimmung des Benutzers und dem legitimen und gegenseitigen Interesse von Mar\u00eda Dolores Pa\u00f1eda Palacio und dem Benutzer, wie in den Informationen zum Datenschutz, die der Benutzer vor dem Absenden seiner Bewerbung akzeptieren muss, angegeben. <\/p>\n<p>Die personenbezogenen Daten, die \u00fcber irgendeinen der Kan\u00e4le der Webseite eingeholt werden, werden in das Register der Verarbeitungsaktivit\u00e4ten und -vorg\u00e4nge (RAT) im Eigentum von Mar\u00eda Dolores Pa\u00f1eda Palacio aufgenommen. Dieses wird in \u00dcbereinstimmung mit den Bestimmungen in der DSGVO und dem LOPDGDD regelm\u00e4\u00dfig aktualisiert, sodass Mar\u00eda Dolores Pa\u00f1eda Palacio in diesem Sinne alle angemessenen Sicherheitsma\u00dfnahmen ergriffen hat.<br \/>Der Benutzer wird auf die M\u00f6glichkeit hingewiesen, seine Zustimmung zu einem bestimmten Zweck, falls erteilt, zur\u00fcckzuziehen, ohne dass sich dies auf die Rechtm\u00e4\u00dfigkeit der auf der vorherigen Zustimmung basierende bisherige Verarbeitung vor dem Widerruf auswirkt. <\/p>\n<p><strong>\u2022 Was ist die Rechtsgrundlage f\u00fcr die Verarbeitung Ihrer Daten?<\/strong><br \/>Die Verarbeitung Ihrer Daten kann sich auf die folgenden Rechtsgrundlagen st\u00fctzen:<br \/>\u2022 Ausdr\u00fcckliche Zustimmung seitens des Benutzers beim Ausf\u00fcllen des Formulars zum Empfang von Werbemitteillungen durch Mar\u00eda Dolores Pa\u00f1eda Palacio.<br \/>\u2022 Legitimes Interesse: Dieses besteht in der Sicherstellung, dass unsere Webseite sicher bleibt und in der M\u00f6glichkeit, die Bed\u00fcrfnisse, Erwartungen und Zufriedenheitsniveaus der Benutzer zu ermitteln und somit unsere Dienstleistungen zu verbessern. Alle T\u00e4tigkeiten verfolgen das Ziel, das Zufriedenheitsniveau der Benutzer zu verbessern und eine einmalige Surf-Erfahrung und letztlich einen Vertragsabschluss zu erm\u00f6glichen. <br \/>\u2022 Erf\u00fcllung der gesetzlichen Pflichten zur Pr\u00e4vention von Geldw\u00e4sche, die Zusammenarbeit mit den \u00f6ffentlichen Beh\u00f6rden und\/oder eventuelle Anspr\u00fcche Dritter.<\/p>\n<p><strong>\u2022 Wie lange bewahren wir Ihre Daten auf?<\/strong><br \/>Die Verarbeitung der Daten zu den beschriebenen Zwecken erfolgt so lange, wie dies f\u00fcr die Erf\u00fcllung der Zwecke, zu denen sie erhoben wurden, sowie zur Erf\u00fcllung der gesetzlichen Pflichten, die sich aus der Datenverarbeitung ableiten, notwendig ist. Unbeschadet dessen, dass die Aufbewahrung f\u00fcr die Formulierung, Durchsetzung oder Verteidigung gegen eventuelle Anspr\u00fcche erforderlich sein k\u00f6nnte; sofern das anwendbare Recht dies zul\u00e4sst.<br \/>Mar\u00eda Dolores Pa\u00f1eda Palacio verpflichtet sich, die Verarbeitung der personenbezogenen Daten einzustellen, sobald die Aufbewahrungsfirst abgelaufen ist, und sie in unseren Datenbanken ordnungsgem\u00e4\u00df zu sperren. <\/p>\n<p><strong>An welche Empf\u00e4nger werden Ihre Daten kommuniziert?<\/strong><br \/>Im Allgemeinen gibt Mar\u00eda Dolores Pa\u00f1eda Palacio keine personenbezogenen Daten an Dritte weiter, au\u00dfer in jenen Situationen, in denen sie an Mitwirkende weitergeleitet werden k\u00f6nnen, die Dienstleistungen an Mar\u00eda Dolores Pa\u00f1eda Palacio erbringen, um die Erbringung dieser Dienstleistungen und die vertragliche und\/oder vorvertragliche Beziehung mit den betroffenen Personen zu verwalten oder Anfragen derselben zu bearbeiten.<br \/>In diesen F\u00e4llen vergewissern wir uns, dass die Empf\u00e4nger die Vertraulichkeit wahren und \u00fcber angemessene Ma\u00dfnahmen verf\u00fcgen, um die personenbezogenen Daten zu sch\u00fctzen. Mar\u00eda Dolores Pa\u00f1eda Palacio bem\u00fcht sich, die Sicherheit der personenbezogenen Daten zu garantieren, wenn diese au\u00dferhalb des Unternehmens versendet werden. Die Dritten, mit denen Mar\u00eda Dolores Pa\u00f1eda Palacio Vertr\u00e4ge abschlie\u00dft, sind verpflichtet, zu gew\u00e4hrleisten, dass die Informationen in \u00dcbereinstimmung mit den geltenden Datenschutzvorschriften verarbeitet werden.<br \/>In jenen F\u00e4llen, in denen das Gesetz die Offenlegung von personenbezogenen Daten an \u00f6ffentliche Organe oder andere Parteien fordern kann, werden nur jene Daten offengelegt, die f\u00fcr die Erf\u00fcllung der besagten gesetzlichen Pflichten zwingend ben\u00f6tigt werden.<br \/>Mar\u00eda Dolores Pa\u00f1eda Palacio gibt Daten an externe Anbieter wie Auftragsverarbeiter weiter, um bestimmte Dienstleistungen durchzuf\u00fchren.  <\/p>\n<p><strong>Welche Rechte haben Sie und wie k\u00f6nnen Sie diese geltend machen?<\/strong><\/p>\n<p>Unter folgender E-Mail-Adresse k\u00f6nnen Sie uns Ihre Mitteillungen zukommen lassen und Ihre Rechte geltend machen: hola@letsgonotes.com<\/p>\n<p>In \u00dcbereinstimmung mit den Bestimmungen der Datenschutzvorschriften k\u00f6nnen Sie Folgendes beantragen:<\/p>\n<p>\u2022 Recht auf Zugriff: Sie k\u00f6nnen Informationen dar\u00fcber anfordern, \u00fcber welche personenbezogenen Daten von Ihnen wir verf\u00fcgen.<\/p>\n<p>\u2022 Recht auf Berichtigung: Sie k\u00f6nnen jedwede \u00c4nderung an Ihren personenbezogenen Daten melden.<\/p>\n<p>\u2022 Recht auf L\u00f6schung und auf Vergessenwerden: Sie k\u00f6nnen die L\u00f6schung und vorherige Sperrung Ihrer personenbezogenen Daten beantragen.<\/p>\n<p>\u2022 Recht auf Einschr\u00e4nkung der Verarbeitung: Erwirkt die Einschr\u00e4nkung der Verarbeitung von personenbezogenen Daten.<\/p>\n<p>\u2022 Recht auf Widerspruch: Sie k\u00f6nnen die Zustimmung zur Verarbeitung Ihrer Daten zur\u00fcckziehen und der weiteren Verarbeitung widersprechen.<\/p>\n<p>\u2022 Recht auf \u00dcbertragbarkeit: In einigen F\u00e4llen k\u00f6nnen Sie eine Kopie Ihrer personenbezogenen Daten in einem strukturierten, g\u00e4ngigen und maschinenlesbaren Format anfordern, um sie an einen anderen Verantwortlichen zu \u00fcbertragen.<\/p>\n<p>\u2022 Recht, nicht Gegenstand individualisierter Entscheidungen zu sein: Sie k\u00f6nnen beantragen, dass keine Entscheidungen getroffen werden, die ausschlie\u00dflich auf der automatisierten Verarbeitung basieren, einschlie\u00dflich der Erstellung von Profilen, und die rechtliche Auswirkungen haben oder sich erheblich auf den Betroffenen auswirken.<\/p>\n<p>In einigen F\u00e4llen kann der Antrag abgelehnt werden, wenn Sie beantragen, dass Daten gel\u00f6scht werden, die f\u00fcr die Erf\u00fcllung von gesetzlichen Pflichten ben\u00f6tigt werden. Ebenso k\u00f6nnen Sie, wenn Sie eine Beschwerde \u00fcber die Verarbeitung Ihrer Daten haben, eine Beschwerde bei der zust\u00e4ndigen Datenschutzbeh\u00f6rde einlegen. <\/p>\n<p><strong>Wer ist f\u00fcr die Richtigkeit und Wahrhaftigkeit der bereitgestellten Daten verantwortlich?<\/strong><br \/>Der Benutzer tr\u00e4gt die alleinige Verantwortung f\u00fcr die Wahrhaftigkeit und Richtigkeit der \u00fcber jedwedes auf der Webseite enthaltene Formular bereitgestellten Daten und befreit Mar\u00eda Dolores Pa\u00f1eda Palacio von jedweder Haftung in dieser Hinsicht. Der Benutzer garantiert und haftet in jedem Fall f\u00fcr die Richtigkeit, G\u00fcltigkeit und Authentizit\u00e4t der bereitgestellten personenbezogenen Daten und verpflichtet sich, sie auf dem aktuellen Stand zu halten. Der Benutzer willigt ein, in den Formularen, die er ausf\u00fcllt, vollst\u00e4ndige und korrekte Daten bereitzustellen.<br \/>Mar\u00eda Dolores Pa\u00f1eda Palacio haftet nicht f\u00fcr die Richtigkeit der Informationen, die nicht von ihr selbst erstellt wurden und f\u00fcr die eine andere Quelle angegeben wird, sodass sie ebenso wenig die Haftung f\u00fcr hypothetische Sch\u00e4den \u00fcbernimmt, die sich aus der Nutzung solcher Informationen ergeben k\u00f6nnten.<br \/>Mar\u00eda Dolores Pa\u00f1eda Palacio wird von jedweder Haftung f\u00fcr Sch\u00e4den oder Benachteiligungen freigestellt, die der Benutzer infolge von Fehlern, M\u00e4ngeln oder Auslassungen an den von Mar\u00eda Dolores Pa\u00f1eda Palacio bereitgestellten Informationen erleiden k\u00f6nnte, sofern diese aus fremden Quellen stammen.  <\/p>\n<p><strong>Welche Sicherheitsma\u00dfnahmen wenden wir an, um Ihre personenbezogenen Daten zu sch\u00fctzen?<\/strong><br \/>Mar\u00eda Dolores Pa\u00f1eda Palacio hat die gesetzlich vorgeschriebenen Sicherheitsniveaus zum Schutz von personenbezogenen Daten eingef\u00fchrt und strebt es an, zus\u00e4tzliche verf\u00fcgbare Mittel und technische Ma\u00dfnahmen zu installieren, um den Verlust, den Missbrauch, die Ab\u00e4nderung, den unbefugten Zugriff und den Diebstahl von Mar\u00eda Dolores Pa\u00f1eda Palacio bereitgestellten personenbezogenen Daten zu verhindern. Dennoch muss der Benutzer sich dar\u00fcber im Klaren sein, dass die Sicherheitsma\u00dfnahmen im Internet nicht unbezwingbar sind. <br \/>Daher haftet Mar\u00eda Dolores Pa\u00f1eda Palacio nicht f\u00fcr m\u00f6gliche Sch\u00e4den oder Benachteiligungen, die aufgrund von St\u00f6rungen, Ausf\u00e4llen, Unterbrechungen, Computerviren, St\u00f6rungen der Telefonverbindung oder Verbindungsfehlern beim Betrieb dieses elektronischen Systems, die von Ursachen au\u00dferhalb der Verantwortung von Mar\u00eda Dolores Pa\u00f1eda Palacio verursacht wurden, Verz\u00f6gerungen oder Blockaden bei der Nutzung des vorliegenden elektronischen Systems aufgrund von Unzul\u00e4nglichkeiten oder \u00dcberlastungen der Telefonleitungen oder \u00dcberlastungen des Datenverarbeitungszentrums, des Internetsystems oder anderer elektronischer Systeme entstehen k\u00f6nnten oder f\u00fcr Sch\u00e4den, die von Dritten anhand von unrechtm\u00e4\u00dfigen Eingriffen au\u00dferhalb der Kontrolle von Mar\u00eda Dolores Pa\u00f1eda Palacio verursacht wurden.<\/p>\n<p><strong>Wie verarbeiten wir die Daten von Minderj\u00e4hrigen?<\/strong><br \/>Im Allgemeinen verarbeitet Mar\u00eda Dolores Pa\u00f1eda Palacio Daten von minderj\u00e4hrigen f\u00fcr die Speicherung und Pflege dieser Daten in der Bildungsplattform, f\u00fcr die sie die Verantwortliche f\u00fcr die Datenverarbeitung ist. Es werden die notwendigen Auftragsverarbeitungsvertr\u00e4ge mit den Bildungszentren abgeschlossen, um den Schutz und die Sicherheit dieser Daten zu gew\u00e4hrleisten. <\/p>\n<p><strong>Wie verwenden wir Cookies?<\/strong><br \/>Die Webseite und die sozialen Netzwerke von Mar\u00eda Dolores Pa\u00f1eda Palacio verwenden Cookies, um das Surfen auf denselben zu optimieren und pers\u00f6nlich anzupassen. Cookies sind physische Informationsdateien, die auf dem Terminal des Benutzers platziert werden. Die \u00fcber Cookies eingeholten Informationen dienen dazu, dem Benutzer das Surfen auf dem Portal zu erleichtern und die Surf-Erfahrung zu optimieren. Die \u00fcber Cookies erfassten Daten k\u00f6nnen mit den Herstellern derselben geteilt werden, aber in keinem Falle werden die \u00fcber dieselben erhobenen Informationen mit personenbezogenen Daten oder Daten, die den Benutzer identifizieren k\u00f6nnten, assoziiert. Sollte der Benutzer dennoch nicht w\u00fcnschen, dass Cookies auf seiner Festplatte installiert werden, hat er die M\u00f6glichkeit, seinen Browser so einzurichten, dass die Installation dieser Dateien verhindert wird. F\u00fcr weitere Informationen ziehen Sie bitte unsere Cookie-Politik zu Rate.    <\/p>\n<p><strong>Interne Sicherheitsrichtlinie<\/strong><\/p>\n<p>Sicherheitsl\u00fccken k\u00f6nnen von Mitarbeitern, Dritten oder Computerfehlern verursacht werden. Daher sind wir gesetzlich verpflichtet, die betroffenen Personen innerhalb von maximal 72 Stunden zu benachrichtigen, wenn ihre personenbezogenen Daten schwer betroffen wurden. Au\u00dferdem werden die Benutzer umgehend benachrichtigt, sobald die Sicherheitsl\u00fccke behoben wurde.  <\/p>\n<p><strong>\u00c4nderung der Datenschutzrichtlinie<\/strong><br \/>Diese Datenschutzrichtlinie kann \u00c4nderungen erfahren. Wir empfehlen Ihnen, die Datenschutzrichtlinie regelm\u00e4\u00dfig zu \u00fcberpr\u00fcfen. <\/p>\n<p>[\/et_pb_text][\/et_pb_column][\/et_pb_row][\/et_pb_section]<\/p>\n","protected":false},"excerpt":{"rendered":"<p>Der Datenschutz von PulpiIn \u00dcbereinstimmung mit den Artikeln 13 und 14 der VERORDNUNG (EU) 2016\/679 DES EUROP\u00c4ISCHEN PARLAMENTS UND DES RATES vom 27. April 2016 zum Schutz nat\u00fcrlicher Personen bei der Verarbeitung personenbezogener Daten und zum freien Datenverkehr (nachstehend \u201eDSGVO\u201c) und den Artikeln 6 und 11 des spanischen Organgesetzes 3\/2018 vom 5. Dezember \u00fcber den [&hellip;]<\/p>\n","protected":false},"author":2,"featured_media":0,"parent":0,"menu_order":0,"comment_status":"closed","ping_status":"closed","template":"","meta":{"_et_pb_use_builder":"on","_et_pb_old_content":"","_et_gb_content_width":"","footnotes":""},"class_list":["post-5478","page","type-page","status-publish","hentry"],"_links":{"self":[{"href":"https:\/\/letsgonotes.com\/de\/wp-json\/wp\/v2\/pages\/5478","targetHints":{"allow":["GET"]}}],"collection":[{"href":"https:\/\/letsgonotes.com\/de\/wp-json\/wp\/v2\/pages"}],"about":[{"href":"https:\/\/letsgonotes.com\/de\/wp-json\/wp\/v2\/types\/page"}],"author":[{"embeddable":true,"href":"https:\/\/letsgonotes.com\/de\/wp-json\/wp\/v2\/users\/2"}],"replies":[{"embeddable":true,"href":"https:\/\/letsgonotes.com\/de\/wp-json\/wp\/v2\/comments?post=5478"}],"version-history":[{"count":5,"href":"https:\/\/letsgonotes.com\/de\/wp-json\/wp\/v2\/pages\/5478\/revisions"}],"predecessor-version":[{"id":6599,"href":"https:\/\/letsgonotes.com\/de\/wp-json\/wp\/v2\/pages\/5478\/revisions\/6599"}],"wp:attachment":[{"href":"https:\/\/letsgonotes.com\/de\/wp-json\/wp\/v2\/media?parent=5478"}],"curies":[{"name":"wp","href":"https:\/\/api.w.org\/{rel}","templated":true}]}}