{"id":5695,"date":"2022-11-02T19:46:10","date_gmt":"2022-11-02T19:46:10","guid":{"rendered":"https:\/\/letsgonotes.com\/producto\/agile-set\/"},"modified":"2025-03-07T14:00:33","modified_gmt":"2025-03-07T14:00:33","slug":"agile-set","status":"publish","type":"product","link":"https:\/\/letsgonotes.com\/de\/producto\/agile-set\/","title":{"rendered":"Agile Set"},"content":{"rendered":"<p>[et_pb_section fb_built=&#8220;1&#8243; admin_label=&#8220;Secci\u00f3n&#8220; _builder_version=&#8220;4.16&#8243; custom_padding=&#8220;0px||||false|false&#8220; da_disable_devices=&#8220;off|off|off&#8220; global_colors_info=&#8220;{}&#8220; da_is_popup=&#8220;off&#8220; da_exit_intent=&#8220;off&#8220; da_has_close=&#8220;on&#8220; da_alt_close=&#8220;off&#8220; da_dark_close=&#8220;off&#8220; da_not_modal=&#8220;on&#8220; da_is_singular=&#8220;off&#8220; da_with_loader=&#8220;off&#8220; da_has_shadow=&#8220;on&#8220;][et_pb_row _builder_version=&#8220;4.16&#8243; background_size=&#8220;initial&#8220; background_position=&#8220;top_left&#8220; background_repeat=&#8220;repeat&#8220; width=&#8220;100%&#8220; custom_padding=&#8220;0px||0px||false|false&#8220; global_colors_info=&#8220;{}&#8220;][et_pb_column type=&#8220;4_4&#8243; _builder_version=&#8220;4.16&#8243; custom_padding=&#8220;|||&#8220; global_colors_info=&#8220;{}&#8220; custom_padding__hover=&#8220;|||&#8220;][et_pb_wc_breadcrumb _builder_version=&#8220;4.16&#8243; global_colors_info=&#8220;{}&#8220;][\/et_pb_wc_breadcrumb][et_pb_wc_cart_notice _builder_version=&#8220;4.16&#8243; global_colors_info=&#8220;{}&#8220;][\/et_pb_wc_cart_notice][\/et_pb_column][\/et_pb_row][et_pb_row column_structure=&#8220;1_2,1_2&#8243; _builder_version=&#8220;4.16&#8243; background_size=&#8220;initial&#8220; background_position=&#8220;top_left&#8220; background_repeat=&#8220;repeat&#8220; width=&#8220;100%&#8220; custom_padding=&#8220;0px||||false|false&#8220; global_colors_info=&#8220;{}&#8220;][et_pb_column type=&#8220;1_2&#8243; _builder_version=&#8220;4.16&#8243; custom_padding=&#8220;|||&#8220; global_colors_info=&#8220;{}&#8220; custom_padding__hover=&#8220;|||&#8220;][et_pb_wc_images admin_label=&#8220;Im\u00e1genes de productos Woo&#8220; _builder_version=&#8220;4.16&#8243; global_colors_info=&#8220;{}&#8220;][\/et_pb_wc_images][\/et_pb_column][et_pb_column type=&#8220;1_2&#8243; _builder_version=&#8220;4.16&#8243; custom_padding=&#8220;|||&#8220; global_colors_info=&#8220;{}&#8220; custom_padding__hover=&#8220;|||&#8220;][et_pb_wc_title _builder_version=&#8220;4.16&#8243; global_colors_info=&#8220;{}&#8220;][\/et_pb_wc_title][et_pb_wc_rating _builder_version=&#8220;4.16&#8243; global_colors_info=&#8220;{}&#8220;][\/et_pb_wc_rating][et_pb_wc_price _builder_version=&#8220;4.16&#8243; global_colors_info=&#8220;{}&#8220;][\/et_pb_wc_price][et_pb_wc_description _builder_version=&#8220;4.16&#8243; global_colors_info=&#8220;{}&#8220;][\/et_pb_wc_description][et_pb_wc_add_to_cart _builder_version=&#8220;4.16&#8243; global_colors_info=&#8220;{}&#8220;][\/et_pb_wc_add_to_cart][et_pb_wc_meta _builder_version=&#8220;4.16&#8243; global_colors_info=&#8220;{}&#8220;][\/et_pb_wc_meta][\/et_pb_column][\/et_pb_row][et_pb_row _builder_version=&#8220;4.16&#8243; background_size=&#8220;initial&#8220; background_position=&#8220;top_left&#8220; background_repeat=&#8220;repeat&#8220; width=&#8220;100%&#8220; global_colors_info=&#8220;{}&#8220;][et_pb_column type=&#8220;4_4&#8243; _builder_version=&#8220;4.16&#8243; custom_padding=&#8220;|||&#8220; global_colors_info=&#8220;{}&#8220; custom_padding__hover=&#8220;|||&#8220;][et_pb_wc_tabs _builder_version=&#8220;4.16&#8243; global_colors_info=&#8220;{}&#8220;]\t\t\t\t\t[\/et_pb_wc_tabs][et_pb_wc_upsells _builder_version=&#8220;4.16&#8243; global_colors_info=&#8220;{}&#8220;][\/et_pb_wc_upsells][et_pb_wc_related_products _builder_version=&#8220;4.16&#8243; global_colors_info=&#8220;{}&#8220;][\/et_pb_wc_related_products][\/et_pb_column][\/et_pb_row][\/et_pb_section]<\/p>\n","protected":false},"excerpt":{"rendered":"<p>Wenn in deiner Arbeit der am h\u00e4ufigsten wiederholte Satz \u201eLass uns das Schritt f\u00fcr Schritt angehen\u201c ist, dann praktizierst du Agile-Methoden: Design Thinking, Scrum, Kanban, Daily Tasks, Eisenhower, Canvas, Meeting&#8230;<strong> LetsGoNotes Agile-Spiel<\/strong> ist <strong>das perfekte Werkzeug, um dir bei der Projektverwaltung auf Basis agiler Methoden zu helfen<\/strong>. In diesem Kit findest du alles, was du brauchst, um die Produktivit\u00e4t des Projekts und des Teams zu organisieren, zu planen und zu verbessern. Dank der <strong>gro\u00dfen Auswahl an LetsGoNotes Haftnotizen in verschiedenen Formen und Farben<\/strong> wird es dir nicht schwerfallen, sie an deine Projekte anzupassen. Au\u00dferdem gibt es eine andere Art von LetsGo in Form von Sprechblasen aus Comics, falls du w\u00e4hrend des kreativen Prozesses etwas kommentieren musst. Vergiss nicht die Marker mit nat\u00fcrlicher Tinte, die perfekt sind, um Ideen in unseren LetsGoNotes festzuhalten. Die Gruppenarbeit, die Gesch\u00e4ftsstrategien zu organisieren und das Ganze dabei auch noch auf eine unterhaltsame und ansprechende Weise zu tun (denn es sieht einfach sch\u00f6n aus, wenn die farbigen Notizen ordentlich an der Wand angeordnet sind), kannst du jetzt mit diesem Kit machen. <strong>Sie sind v\u00f6llig wiederverwendbar, umweltfreundlich und repositionierbar<\/strong>. Lass die typischen bunten Post-its hinter dir und springe zu LetsGoNotes.<\/p>\n<p><strong>Bei Eink\u00e4ufen \u00fcber 60 \u20ac sind die Versandkosten inbegriffen.<\/strong><\/p>\n","protected":false},"featured_media":5275,"template":"","meta":{"_et_pb_use_builder":"on","_et_pb_old_content":"<strong style=\"font-size: 18px\">Technische Eigenschaften:<\/strong>\r\n\r\nPatentiertes Produkt (in Europa und den USA) \r\n\r\nMini LetsGo quadratisch Gr\u00f6\u00dfe: 7,6 cm x 7,6 cm. Farben: 11 St\u00fcck. Gelb (Pantone 393C), 11 St\u00fcck. Blau (Pantone 2171C), 11 St\u00fcck. Koralle (Pantone 1625C), 11 St\u00fcck. Gr\u00fcn (Pantone 2267C), 11 St\u00fcck. Lila (Pantone 2064C)\r\n\r\nMini LetsGo rechteckig Gr\u00f6\u00dfe: 13 cm x 8,5 cm. Farben: 11 St\u00fcck. Gelb (Pantone 393C), 11 St\u00fcck. Blau (Pantone 2171C), 11 St\u00fcck. Koralle (Pantone 1625C), 11 St\u00fcck. Gr\u00fcn (Pantone 2267C), 11 St\u00fcck. Lila (Pantone 2064C) \r\n\r\nMini LetsGo Marker: 11 St\u00fcck in Wei\u00df \r\n\r\nBIO-Marker LetsGo mit integriertem Radiergummi (wiederaufladbar mit nat\u00fcrlichen Tinten): 4 St\u00fcck. in Schwarz, 1 St\u00fcck. in Rot, 1 St\u00fcck. in Blau.","_et_gb_content_width":""},"product_brand":[],"product_cat":[97],"product_tag":[],"class_list":{"0":"post-5695","1":"product","2":"type-product","3":"status-publish","4":"has-post-thumbnail","6":"product_cat-letsgonotes-de","8":"first","9":"instock","10":"taxable","11":"shipping-taxable","12":"product-type-simple"},"_links":{"self":[{"href":"https:\/\/letsgonotes.com\/de\/wp-json\/wp\/v2\/product\/5695","targetHints":{"allow":["GET"]}}],"collection":[{"href":"https:\/\/letsgonotes.com\/de\/wp-json\/wp\/v2\/product"}],"about":[{"href":"https:\/\/letsgonotes.com\/de\/wp-json\/wp\/v2\/types\/product"}],"wp:featuredmedia":[{"embeddable":true,"href":"https:\/\/letsgonotes.com\/de\/wp-json\/wp\/v2\/media\/5275"}],"wp:attachment":[{"href":"https:\/\/letsgonotes.com\/de\/wp-json\/wp\/v2\/media?parent=5695"}],"wp:term":[{"taxonomy":"product_brand","embeddable":true,"href":"https:\/\/letsgonotes.com\/de\/wp-json\/wp\/v2\/product_brand?post=5695"},{"taxonomy":"product_cat","embeddable":true,"href":"https:\/\/letsgonotes.com\/de\/wp-json\/wp\/v2\/product_cat?post=5695"},{"taxonomy":"product_tag","embeddable":true,"href":"https:\/\/letsgonotes.com\/de\/wp-json\/wp\/v2\/product_tag?post=5695"}],"curies":[{"name":"wp","href":"https:\/\/api.w.org\/{rel}","templated":true}]}}