{"id":5723,"date":"2022-10-21T16:12:59","date_gmt":"2022-10-21T16:12:59","guid":{"rendered":"https:\/\/letsgonotes.com\/producto\/mini-letsgo-sprechblasen-packung-mit-11-stueck\/"},"modified":"2024-11-05T16:54:46","modified_gmt":"2024-11-05T16:54:46","slug":"mini-letsgo-sprechblasen-packung-mit-11-stueck","status":"publish","type":"product","link":"https:\/\/letsgonotes.com\/de\/producto\/mini-letsgo-sprechblasen-packung-mit-11-stueck\/","title":{"rendered":"Mini LetsGo Sprechblasen (Packung mit 11 St\u00fcck)"},"content":{"rendered":"<p>[et_pb_section fb_built=&#8220;1&#8243; _builder_version=&#8220;4.16&#8243; custom_padding=&#8220;0px||||false|false&#8220; da_disable_devices=&#8220;off|off|off&#8220; global_colors_info=&#8220;{}&#8220; da_is_popup=&#8220;off&#8220; da_exit_intent=&#8220;off&#8220; da_has_close=&#8220;on&#8220; da_alt_close=&#8220;off&#8220; da_dark_close=&#8220;off&#8220; da_not_modal=&#8220;on&#8220; da_is_singular=&#8220;off&#8220; da_with_loader=&#8220;off&#8220; da_has_shadow=&#8220;on&#8220;][et_pb_row _builder_version=&#8220;4.16&#8243; background_size=&#8220;initial&#8220; background_position=&#8220;top_left&#8220; background_repeat=&#8220;repeat&#8220; width=&#8220;100%&#8220; custom_padding=&#8220;0px||0px||false|false&#8220; global_colors_info=&#8220;{}&#8220;][et_pb_column type=&#8220;4_4&#8243; _builder_version=&#8220;4.16&#8243; custom_padding=&#8220;|||&#8220; global_colors_info=&#8220;{}&#8220; custom_padding__hover=&#8220;|||&#8220;][et_pb_wc_breadcrumb _builder_version=&#8220;4.16&#8243; global_colors_info=&#8220;{}&#8220;][\/et_pb_wc_breadcrumb][et_pb_wc_cart_notice _builder_version=&#8220;4.16&#8243; global_colors_info=&#8220;{}&#8220;][\/et_pb_wc_cart_notice][\/et_pb_column][\/et_pb_row][et_pb_row column_structure=&#8220;1_2,1_2&#8243; _builder_version=&#8220;4.16&#8243; background_size=&#8220;initial&#8220; background_position=&#8220;top_left&#8220; background_repeat=&#8220;repeat&#8220; width=&#8220;100%&#8220; custom_padding=&#8220;0px||||false|false&#8220; global_colors_info=&#8220;{}&#8220;][et_pb_column type=&#8220;1_2&#8243; _builder_version=&#8220;4.16&#8243; custom_padding=&#8220;|||&#8220; global_colors_info=&#8220;{}&#8220; custom_padding__hover=&#8220;|||&#8220;][et_pb_wc_images _builder_version=&#8220;4.16&#8243; global_colors_info=&#8220;{}&#8220;][\/et_pb_wc_images][\/et_pb_column][et_pb_column type=&#8220;1_2&#8243; _builder_version=&#8220;4.16&#8243; custom_padding=&#8220;|||&#8220; global_colors_info=&#8220;{}&#8220; custom_padding__hover=&#8220;|||&#8220;][et_pb_wc_title _builder_version=&#8220;4.16&#8243; global_colors_info=&#8220;{}&#8220;][\/et_pb_wc_title][et_pb_wc_rating _builder_version=&#8220;4.16&#8243; global_colors_info=&#8220;{}&#8220;][\/et_pb_wc_rating][et_pb_wc_price _builder_version=&#8220;4.16&#8243; global_colors_info=&#8220;{}&#8220;][\/et_pb_wc_price][et_pb_wc_description product=&#8220;5723&#8243; _builder_version=&#8220;4.20.4&#8243; global_colors_info=&#8220;{}&#8220;][\/et_pb_wc_description][et_pb_wc_add_to_cart product=&#8220;5723&#8243; _builder_version=&#8220;4.20.4&#8243; global_colors_info=&#8220;{}&#8220;][\/et_pb_wc_add_to_cart][et_pb_wc_meta _builder_version=&#8220;4.16&#8243; global_colors_info=&#8220;{}&#8220;][\/et_pb_wc_meta][\/et_pb_column][\/et_pb_row][et_pb_row _builder_version=&#8220;4.16&#8243; background_size=&#8220;initial&#8220; background_position=&#8220;top_left&#8220; background_repeat=&#8220;repeat&#8220; width=&#8220;100%&#8220; global_colors_info=&#8220;{}&#8220;][et_pb_column type=&#8220;4_4&#8243; _builder_version=&#8220;4.16&#8243; custom_padding=&#8220;|||&#8220; global_colors_info=&#8220;{}&#8220; custom_padding__hover=&#8220;|||&#8220;][et_pb_wc_tabs _builder_version=&#8220;4.16&#8243; global_colors_info=&#8220;{}&#8220;]\t\t\t\t\t[\/et_pb_wc_tabs][et_pb_wc_upsells _builder_version=&#8220;4.16&#8243; global_colors_info=&#8220;{}&#8220;][\/et_pb_wc_upsells][et_pb_wc_related_products _builder_version=&#8220;4.16&#8243; global_colors_info=&#8220;{}&#8220;][\/et_pb_wc_related_products][\/et_pb_column][\/et_pb_row][\/et_pb_section]<\/p>\n","protected":false},"excerpt":{"rendered":"<p>Unsere <strong>Mini LetsGo Sprechblasen<\/strong> sind Haftnotizen in Form von Comic-Bubbles, die perfekt sind, um Kommentare w\u00e4hrend der Projektverwaltung zu hinterlassen. Du erh\u00e4ltst ein Set mit 11 Einheiten, um deine LetsGo zu verst\u00e4rken und deine Produktivit\u00e4t und Kreativit\u00e4t zu planen, zu organisieren, zu motivieren, zu strukturieren und gleichzeitig den Planeten zu sch\u00fctzen. Sie sind recycelbar und frei von PVC\u2026 sogar das Gummiband, das die LetsGo zusammenh\u00e4lt, ist so gestaltet, dass du es f\u00fcr dein Haar verwenden kannst.<\/p>\n<p><strong>\u00a0<\/strong><\/p>\n<p><strong>Bei Eink\u00e4ufen \u00fcber 60 \u20ac sind die Versandkosten inbegriffen.<\/strong><\/p>\n","protected":false},"featured_media":5060,"template":"","meta":{"_et_pb_use_builder":"on","_et_pb_old_content":"<strong style=\"font-size: 18px\">Technische Eigenschaften:<\/strong>\r\n\r\nPatentiertes Produkt (in Europa und den USA)\r\n\r\n11 Einheiten\r\nFarbe verf\u00fcgbar in Wei\u00df\r\n\r\n1 BIO-Marker (nachf\u00fcllbar mit nat\u00fcrlichen, schwarzen Tinten) mit integriertem Radiergummi und Saugnapf.","_et_gb_content_width":""},"product_brand":[],"product_cat":[91,99],"product_tag":[],"class_list":{"0":"post-5723","1":"product","2":"type-product","3":"status-publish","4":"has-post-thumbnail","6":"product_cat-mini-letsgo-de","7":"product_cat-nachfullungen","9":"first","10":"instock","11":"taxable","12":"shipping-taxable","13":"product-type-simple"},"_links":{"self":[{"href":"https:\/\/letsgonotes.com\/de\/wp-json\/wp\/v2\/product\/5723","targetHints":{"allow":["GET"]}}],"collection":[{"href":"https:\/\/letsgonotes.com\/de\/wp-json\/wp\/v2\/product"}],"about":[{"href":"https:\/\/letsgonotes.com\/de\/wp-json\/wp\/v2\/types\/product"}],"wp:featuredmedia":[{"embeddable":true,"href":"https:\/\/letsgonotes.com\/de\/wp-json\/wp\/v2\/media\/5060"}],"wp:attachment":[{"href":"https:\/\/letsgonotes.com\/de\/wp-json\/wp\/v2\/media?parent=5723"}],"wp:term":[{"taxonomy":"product_brand","embeddable":true,"href":"https:\/\/letsgonotes.com\/de\/wp-json\/wp\/v2\/product_brand?post=5723"},{"taxonomy":"product_cat","embeddable":true,"href":"https:\/\/letsgonotes.com\/de\/wp-json\/wp\/v2\/product_cat?post=5723"},{"taxonomy":"product_tag","embeddable":true,"href":"https:\/\/letsgonotes.com\/de\/wp-json\/wp\/v2\/product_tag?post=5723"}],"curies":[{"name":"wp","href":"https:\/\/api.w.org\/{rel}","templated":true}]}}