{"id":998,"date":"2022-10-27T19:58:13","date_gmt":"2022-10-27T19:58:13","guid":{"rendered":"https:\/\/letsgonotes.com\/?page_id=998"},"modified":"2023-06-14T20:28:25","modified_gmt":"2023-06-14T20:28:25","slug":"aviso-legal","status":"publish","type":"page","link":"https:\/\/letsgonotes.com\/fr\/aviso-legal\/","title":{"rendered":"Aviso legal"},"content":{"rendered":"<p>[et_pb_section fb_built=\u00a0\u00bb1&Prime; custom_padding_last_edited=\u00a0\u00bbon|phone\u00a0\u00bb next_background_color=\u00a0\u00bb#ffffff\u00a0\u00bb _builder_version=\u00a0\u00bb4.18.0&Prime; _module_preset=\u00a0\u00bbdefault\u00a0\u00bb background_color=\u00a0\u00bb#499ed7&Prime; custom_padding=\u00a0\u00bb||31px|||\u00a0\u00bb custom_padding_tablet=\u00a0\u00bb||31px|||\u00a0\u00bb custom_padding_phone=\u00a0\u00bb||25px||false|false\u00a0\u00bb bottom_divider_style=\u00a0\u00bbwaves\u00a0\u00bb bottom_divider_height=\u00a0\u00bb163px\u00a0\u00bb bottom_divider_flip=\u00a0\u00bbhorizontal|vertical\u00a0\u00bb bottom_divider_height_tablet=\u00a0\u00bb163px\u00a0\u00bb bottom_divider_height_phone=\u00a0\u00bb138px\u00a0\u00bb bottom_divider_height_last_edited=\u00a0\u00bbon|phone\u00a0\u00bb bottom_divider_repeat_tablet=\u00a0\u00bb\u00a0\u00bb bottom_divider_repeat_phone=\u00a0\u00bb1x\u00a0\u00bb bottom_divider_repeat_last_edited=\u00a0\u00bbon|phone\u00a0\u00bb bottom_divider_flip_tablet=\u00a0\u00bbhorizontal|vertical\u00a0\u00bb bottom_divider_flip_phone=\u00a0\u00bbvertical|horizontal\u00a0\u00bb bottom_divider_flip_last_edited=\u00a0\u00bbon|phone\u00a0\u00bb global_colors_info=\u00a0\u00bb{}\u00a0\u00bb da_is_popup=\u00a0\u00bboff\u00a0\u00bb da_exit_intent=\u00a0\u00bboff\u00a0\u00bb da_has_close=\u00a0\u00bbon\u00a0\u00bb da_alt_close=\u00a0\u00bboff\u00a0\u00bb da_dark_close=\u00a0\u00bboff\u00a0\u00bb da_not_modal=\u00a0\u00bbon\u00a0\u00bb da_is_singular=\u00a0\u00bboff\u00a0\u00bb da_with_loader=\u00a0\u00bboff\u00a0\u00bb da_has_shadow=\u00a0\u00bbon\u00a0\u00bb da_disable_devices=\u00a0\u00bboff|off|off\u00a0\u00bb][et_pb_row column_structure=\u00a0\u00bb3_4,1_4&Prime; _builder_version=\u00a0\u00bb4.18.0&Prime; _module_preset=\u00a0\u00bbdefault\u00a0\u00bb max_width=\u00a0\u00bb1273px\u00a0\u00bb custom_margin=\u00a0\u00bb||||false|false\u00a0\u00bb custom_margin_tablet=\u00a0\u00bb-80px||||false|false\u00a0\u00bb custom_margin_phone=\u00a0\u00bb-102px||||false|false\u00a0\u00bb custom_margin_last_edited=\u00a0\u00bbon|phone\u00a0\u00bb global_colors_info=\u00a0\u00bb{}\u00a0\u00bb][et_pb_column type=\u00a0\u00bb3_4&Prime; _builder_version=\u00a0\u00bb4.18.0&Prime; _module_preset=\u00a0\u00bbdefault\u00a0\u00bb global_colors_info=\u00a0\u00bb{}\u00a0\u00bb][et_pb_text _builder_version=\u00a0\u00bb4.18.0&Prime; _module_preset=\u00a0\u00bbdefault\u00a0\u00bb header_font=\u00a0\u00bb|700|||||||\u00a0\u00bb header_text_align=\u00a0\u00bbcenter\u00a0\u00bb header_text_color=\u00a0\u00bb#000000&Prime; header_font_size=\u00a0\u00bb2vw\u00a0\u00bb background_image=\u00a0\u00bbhttps:\/\/letsgonotes.com\/wp-content\/uploads\/2022\/11\/fondo-titulo-somos.png\u00a0\u00bb background_size=\u00a0\u00bbcustom\u00a0\u00bb background_image_width=\u00a0\u00bb75%\u00a0\u00bb background_image_height=\u00a0\u00bb100%\u00a0\u00bb width=\u00a0\u00bb100%\u00a0\u00bb module_alignment=\u00a0\u00bbright\u00a0\u00bb custom_margin=\u00a0\u00bb55px||||false|false\u00a0\u00bb custom_padding=\u00a0\u00bb28px||28px||true|false\u00a0\u00bb header_font_size_tablet=\u00a0\u00bb2vw\u00a0\u00bb header_font_size_phone=\u00a0\u00bb18px\u00a0\u00bb header_font_size_last_edited=\u00a0\u00bbon|phone\u00a0\u00bb background_last_edited=\u00a0\u00bbon|tablet\u00a0\u00bb background_image_width_tablet=\u00a0\u00bb100%\u00a0\u00bb global_colors_info=\u00a0\u00bb{}\u00a0\u00bb]<\/p>\n<h1>Pulpi, protector&#8230; de datos<\/h1>\n<p>[\/et_pb_text][\/et_pb_column][et_pb_column type=\u00a0\u00bb1_4&Prime; _builder_version=\u00a0\u00bb4.18.0&Prime; _module_preset=\u00a0\u00bbdefault\u00a0\u00bb global_colors_info=\u00a0\u00bb{}\u00a0\u00bb][et_pb_image src=\u00a0\u00bbhttps:\/\/letsgonotes.com\/wp-content\/uploads\/2022\/10\/pulpi-slider.png\u00a0\u00bb title_text=\u00a0\u00bbpulpi-slider\u00a0\u00bb align_tablet=\u00a0\u00bbright\u00a0\u00bb align_phone=\u00a0\u00bbright\u00a0\u00bb align_last_edited=\u00a0\u00bbon|tablet\u00a0\u00bb _builder_version=\u00a0\u00bb4.18.0&Prime; _module_preset=\u00a0\u00bbdefault\u00a0\u00bb transform_scale=\u00a0\u00bb175%|175%\u00a0\u00bb transform_scale_tablet=\u00a0\u00bb103%|103%\u00a0\u00bb transform_scale_phone=\u00a0\u00bb104%|104%\u00a0\u00bb transform_scale_last_edited=\u00a0\u00bbon|tablet\u00a0\u00bb transform_translate=\u00a0\u00bb-129px|0px\u00a0\u00bb transform_translate_tablet=\u00a0\u00bb138px|0px\u00a0\u00bb transform_translate_phone=\u00a0\u00bb101px|-10px\u00a0\u00bb transform_translate_last_edited=\u00a0\u00bbon|tablet\u00a0\u00bb transform_translate_linked=\u00a0\u00bboff\u00a0\u00bb transform_rotate=\u00a0\u00bb0deg|0deg|342deg\u00a0\u00bb transform_rotate_tablet=\u00a0\u00bb0deg|0deg|342deg\u00a0\u00bb transform_rotate_phone=\u00a0\u00bb0deg|0deg|342deg\u00a0\u00bb transform_rotate_last_edited=\u00a0\u00bbon|tablet\u00a0\u00bb transform_skew_tablet=\u00a0\u00bb\u00a0\u00bb transform_skew_phone=\u00a0\u00bb\u00a0\u00bb transform_skew_last_edited=\u00a0\u00bbon|tablet\u00a0\u00bb transform_origin_tablet=\u00a0\u00bb\u00a0\u00bb transform_origin_phone=\u00a0\u00bb\u00a0\u00bb transform_origin_last_edited=\u00a0\u00bbon|tablet\u00a0\u00bb transform_styles_last_edited=\u00a0\u00bbon|tablet\u00a0\u00bb width_tablet=\u00a0\u00bb44%\u00a0\u00bb width_phone=\u00a0\u00bb59%\u00a0\u00bb width_last_edited=\u00a0\u00bbon|tablet\u00a0\u00bb custom_margin=\u00a0\u00bb42px|0px|-17px|0px|false|false\u00a0\u00bb custom_margin_tablet=\u00a0\u00bb-65px|0px||171px|false|false\u00a0\u00bb custom_margin_phone=\u00a0\u00bb-51px|||0px|false|false\u00a0\u00bb custom_margin_last_edited=\u00a0\u00bbon|tablet\u00a0\u00bb transform_styles_tablet=\u00a0\u00bb\u00a0\u00bb transform_styles_phone=\u00a0\u00bb\u00a0\u00bb global_colors_info=\u00a0\u00bb{}\u00a0\u00bb][\/et_pb_image][\/et_pb_column][\/et_pb_row][\/et_pb_section][et_pb_section fb_built=\u00a0\u00bb1&Prime; _builder_version=\u00a0\u00bb4.18.0&Prime; _module_preset=\u00a0\u00bbdefault\u00a0\u00bb custom_margin=\u00a0\u00bb34px|||||\u00a0\u00bb custom_margin_tablet=\u00a0\u00bb3px||||false|false\u00a0\u00bb custom_margin_phone=\u00a0\u00bb0px||||false|false\u00a0\u00bb custom_margin_last_edited=\u00a0\u00bbon|tablet\u00a0\u00bb global_colors_info=\u00a0\u00bb{}\u00a0\u00bb da_is_popup=\u00a0\u00bboff\u00a0\u00bb da_exit_intent=\u00a0\u00bboff\u00a0\u00bb da_has_close=\u00a0\u00bbon\u00a0\u00bb da_alt_close=\u00a0\u00bboff\u00a0\u00bb da_dark_close=\u00a0\u00bboff\u00a0\u00bb da_not_modal=\u00a0\u00bbon\u00a0\u00bb da_is_singular=\u00a0\u00bboff\u00a0\u00bb da_with_loader=\u00a0\u00bboff\u00a0\u00bb da_has_shadow=\u00a0\u00bbon\u00a0\u00bb da_disable_devices=\u00a0\u00bboff|off|off\u00a0\u00bb][et_pb_row use_custom_gutter=\u00a0\u00bbon\u00a0\u00bb custom_padding_last_edited=\u00a0\u00bbon|tablet\u00a0\u00bb _builder_version=\u00a0\u00bb4.18.0&Prime; _module_preset=\u00a0\u00bbdefault\u00a0\u00bb width=\u00a0\u00bb100%\u00a0\u00bb max_width=\u00a0\u00bb1220px\u00a0\u00bb custom_padding=\u00a0\u00bb|30px||30px|false|true\u00a0\u00bb custom_padding_tablet=\u00a0\u00bb|61px||61px|false|true\u00a0\u00bb custom_padding_phone=\u00a0\u00bb|43px||43px|false|true\u00a0\u00bb global_colors_info=\u00a0\u00bb{}\u00a0\u00bb][et_pb_column type=\u00a0\u00bb4_4&Prime; _builder_version=\u00a0\u00bb4.18.0&Prime; _module_preset=\u00a0\u00bbdefault\u00a0\u00bb global_colors_info=\u00a0\u00bb{}\u00a0\u00bb][et_pb_text admin_label=\u00a0\u00bbTexto\u00a0\u00bb _builder_version=\u00a0\u00bb4.18.0&Prime; _module_preset=\u00a0\u00bbdefault\u00a0\u00bb text_font=\u00a0\u00bb||||||||\u00a0\u00bb global_colors_info=\u00a0\u00bb{}\u00a0\u00bb]<\/p>\n<h2>Informaci\u00f3n legal<\/h2>\n<p>En cumplimiento con el deber de la informaci\u00f3n recogido en el art\u00edculo 10 de la Ley 34\/2002, de 11 de Julio, de Servicios de la Sociedad de la informaci\u00f3n y del Comercio Electr\u00f3nico, le informamos que el contenido de esta p\u00e1gina web https:\/\/letsgonotes.com\/ (en adelante, la \u201cWeb\u201d) pertenece a LETSGONOTES SLU con domicilio social en Departamento N\u00ba 9. Zona Franca de Vigo &#8211; \u00c1rea Portuaria de Bouzas, s\/n &#8211; 36208 Pontevedra (Espa\u00f1a) y con CIF n\u00fam. B94053592, e inscrito en el Registro Mercantil de Pontevedra. El presente aviso legal regula las condiciones de uso del citado portal de Internet.<\/p>\n<h3>Aceptaci\u00f3n del usuario<\/h3>\n<p>Este Aviso Legal regula el acceso, la navegaci\u00f3n y el uso de la siguiente p\u00e1gina web https:\/\/letsgonotes.com, que LETSGONOTES SLU , pone a la disposici\u00f3n de los usuarios de internet. Por lo tanto, el acceso a la misma implica la adquisici\u00f3n de la condici\u00f3n de usuario y con ello, la aceptaci\u00f3n de las condiciones de uso de la web. En caso de desacuerdo con las condiciones debe abstenerse del uso del sitio web.<br \/>El usuario queda informado, y acepta, que el acceso a la presente web no supone, en modo alguno, el inicio de una relaci\u00f3n comercial con LETSGONOTES SLU.<\/p>\n<h3>Contenido y uso<\/h3>\n<p>La visita a la p\u00e1gina web por parte del usuario deber\u00e1 hacerse de forma responsable y de conformidad con la legalidad vigente, la buena fe, el presente Aviso Legal y respetando los derechos de propiedad intelectual e industrial titularidad de LETSGONOTES SLU. El sitio web proporciona gran diversidad de informaci\u00f3n, servicios y datos. El usuario asume su responsabilidad en el uso correcto del sitio web.<\/p>\n<p>El uso de cualquiera de los contenidos de la p\u00e1gina web con finalidades que sean o pudieran ser il\u00edcitas queda totalmente prohibido, as\u00ed como la realizaci\u00f3n de cualquier acci\u00f3n que cause o pueda causar da\u00f1os o alteraciones de cualquier tipo no consentidas por LETSGONOTES SLU, a la web o a sus contenidos.<br \/>La empresa se reserva el derecho de efectuar sin previo aviso las modificaciones que considere oportunas en su web, pudiendo cambiar, suprimir o a\u00f1adir tanto los contenidos y servicios que se presten a trav\u00e9s de la misma como la forma en la que \u00e9stos aparezcan presentados o localizados en sus servidores.<\/p>\n<h3>Responsabilidades y garant\u00edas<\/h3>\n<p>LETSGONOTES SLU declara que ha adoptado las medidas necesarias que, dentro de sus posibilidades y el estado de la tecnolog\u00eda, permiten el correcto funcionamiento de la web as\u00ed como la ausencia de virus y componentes da\u00f1inos. Sin embargo, LETSGONOTES SLU. no puede hacerse responsable de las siguientes situaciones que se enumeran a t\u00edtulo enunciativo, pero no limitativo:<br \/>\u2022 La continuidad y disponibilidad de los contenidos.<br \/>\u2022 La ausencia de errores en dichos contenidos ni la correcci\u00f3n de cualquier defecto que pudiera ocurrir.<br \/>\u2022 La ausencia de virus y\/o dem\u00e1s componentes da\u00f1inos.<br \/>\u2022 Los da\u00f1os o perjuicios que cause cualquier persona que vulnere los sistemas de seguridad de LETSGONOTES SLU.<br \/>\u2022 El uso que los usuarios puedan hacer de los contenidos incluidos en el web. En consecuencia, LETSGONOTES SLU no garantiza que el uso que los usuarios puedan hacer de los contenidos que en su caso se incluyan en el sitio web, se ajusten al presente aviso legal, ni que el uso del sitio web se realice de forma diligente.<br \/>\u2022 El uso por menores de edad del sitio web o del env\u00edo de sus datos personales sin el permiso de sus tutores, siendo los tutores responsables del uso que hagan de Internet.<br \/>\u2022 Los contenidos a los que el usuario pueda acceder a trav\u00e9s de enlaces no autorizados o introducidos por usuarios mediante comentarios o herramientas similares.<br \/>\u2022 La introducci\u00f3n de datos err\u00f3neos por parte del usuario o de un tercero.<\/p>\n<p>LETSGONOTES SLU podr\u00e1 suspender temporalmente y sin previo aviso, la accesibilidad a la web con motivo de operaciones de mantenimiento, reparaci\u00f3n, actualizaci\u00f3n o mejora. En consecuencia, LETSGONOTES SLU no ser\u00e1, en ning\u00fan caso, responsable por cualesquiera da\u00f1os y perjuicios que puedan derivarse de la falta de disponibilidad o accesibilidad al sitio web o de la interrupci\u00f3n en el funcionamiento del sitio web. No obstante, siempre que las circunstancias lo permitan, LETSGONOTES SLU comunicar\u00e1 al usuario, con antelaci\u00f3n suficiente, la fecha prevista para la suspensi\u00f3n de los contenidos.<\/p>\n<p>Asimismo, de conformidad con los arts. 11 y 16 de la Ley 34\/2002, de 11 de julio, de servicios de la sociedad de la informaci\u00f3n y de comercio electr\u00f3nico (LSSICE), LETSGONOTES SLU. se compromete a la eliminaci\u00f3n o, en su caso, bloqueo de los contenidos que pudieran afectar o ser contrarios a la legislaci\u00f3n vigente, los derechos de terceros o la moral y orden p\u00fablico.<\/p>\n<h4>Pol\u00edtica de enlaces<\/h4>\n<p>LETSGONOTES SLU no se hace responsable del contenido de los sitios web a los que el usuario pueda acceder a trav\u00e9s de los enlaces establecidos en su sitio web y declara que en ning\u00fan caso proceder\u00e1 a examinar o ejercitar ning\u00fan tipo de control sobre el contenido de otros sitios de la red. Asimismo, tampoco garantizar\u00e1 la disponibilidad t\u00e9cnica, exactitud, veracidad, validez o legalidad de sitios ajenos a su propiedad a los que se pueda acceder por medio de los enlaces.<\/p>\n<h2>Pol\u00edtica de propiedad intelectual e industrial<\/h2>\n<p>LETSGONOTES SLU es el titular en exclusiva de los derechos relativos a su p\u00e1gina web y sus redes sociales, por ello, todos los contenidos, el dise\u00f1o gr\u00e1fico y los c\u00f3digos que forman parte de https:\/\/letsgonotes.com\/ son de titularidad exclusiva de LETSGONOTES SLU. Queda prohibida su reproducci\u00f3n, distribuci\u00f3n, comunicaci\u00f3n p\u00fablica, transformaci\u00f3n o cualquier otra actividad que se realice con los contenidos, ni siquiera aunque se citen las fuentes, salvo que se cuente con el consentimiento previo, expreso y por escrito de LETSGONOTES SLU.<\/p>\n<p>LETSGONOTES SLU no concede ninguna autorizaci\u00f3n de uso de ninguna clase sobre sus derechos de propiedad intelectual e industrial o sobre cualquier otra propiedad o derecho relacionado con la web, y en ning\u00fan caso se entender\u00e1 que el acceso y navegaci\u00f3n de los usuarios implica una renuncia, transmisi\u00f3n, licencia o cesi\u00f3n total ni parcial de dichos derechos por parte de LETSGONOTES SLU. Cualquier uso de esos contenidos no autorizado previamente por parte de LETSGONOTES SLU ser\u00e1 considerado un incumplimiento grave de los derechos de propiedad intelectual o industrial y dar\u00e1 lugar a las responsabilidades legalmente establecidas. LETSGONOTES SLU se reserva el derecho de ejercitar frente al usuario las acciones judiciales y extrajudiciales que correspondan.<\/p>\n<h3>Cl\u00e1usula de protecci\u00f3n de datos<\/h3>\n<p>De conformidad con lo establecido en la normativa vigente en materia de Protecci\u00f3n de Datos de Car\u00e1cter Personal, se informa a los usuarios que sus datos ser\u00e1n incorporados al Registro de Actividades de Tratamiento titularidad de LETSGONOTES SLU con la finalidad de eventualmente, poder llevar a cabo los servicios contratados.<\/p>\n<p>En cumplimiento con la normativa vigente, LETSGONOTES SLU informa que los datos ser\u00e1n conservados durante el plazo estrictamente necesario para cumplir con los servicios prestados.<\/p>\n<p>Asimismo, los datos se tratar\u00e1n de manera l\u00edcita, leal, transparente, adecuada, pertinente, limitada, exacta y actualizada. Es por ello que LETSGONOTES SLU se compromete a adoptar todas las medidas t\u00e9cnicas y de seguridad razonables para que estos se supriman o rectifiquen sin dilaci\u00f3n cuando sean inexactos o no veraces.<br \/>De acuerdo con la normativa en protecci\u00f3n de datos los usuarios podr\u00e1n ejercer los derechos de acceso, rectificaci\u00f3n, limitaci\u00f3n de tratamiento, supresi\u00f3n, portabilidad y oposici\u00f3n al tratamiento de sus datos de car\u00e1cter personal as\u00ed como renunciar al consentimiento prestado para el tratamiento de los mismos. La petici\u00f3n se deber\u00e1 dirigir al siguiente correo electr\u00f3nico hola@letsgonotes.com.<\/p>\n<h3>Reserva del derecho a modificar el presente Aviso Legal<\/h3>\n<p>LETSGONOTES SLU se reserva el derecho a modificar el presente aviso legal para adaptarlo a cualquier cambio o novedad normativa, por motivos t\u00e9cnicos, por cambios en los servicios ofrecidos por LETSGONOTES SLU o por decisiones estrat\u00e9gicas de la compa\u00f1\u00eda. En estos casos se avisar\u00e1 en la presente p\u00e1gina web con antelaci\u00f3n prudencial los cambios que se vayan a producir y a partir de cu\u00e1ndo comenzar\u00e1n a tener plenos efectos.<br \/>Si el usuario no est\u00e1 conforme con los cambios, deber\u00e1 dejar de utilizar el sitio web. La utilizaci\u00f3n del sitio web tras la realizaci\u00f3n de los cambios supondr\u00e1 la aceptaci\u00f3n de los mismos por los usuarios.<\/p>\n<h3>Nulidad<\/h3>\n<p>Si alguna de las presentes disposiciones se considerase nula, inv\u00e1lida o inaplicable, dicha disposici\u00f3n (o la parte que se declare nula, inv\u00e1lida o no aplicable) quedar\u00e1 invalidada, sin que esto afecte a la validez y la aplicabilidad de las disposiciones restantes.<\/p>\n<h4>Contacta con nosotros<\/h4>\n<p>Para contactar con nosotros puede hacerlo en la direcci\u00f3n arriba indicada y tambi\u00e9n telef\u00f3nicamente al n\u00famero indicado en la web.<\/p>\n<p>[\/et_pb_text][\/et_pb_column][\/et_pb_row][\/et_pb_section]<\/p>\n","protected":false},"excerpt":{"rendered":"<p>Pulpi, protector&#8230; de datosInformaci\u00f3n legal En cumplimiento con el deber de la informaci\u00f3n recogido en el art\u00edculo 10 de la Ley 34\/2002, de 11 de Julio, de Servicios de la Sociedad de la informaci\u00f3n y del Comercio Electr\u00f3nico, le informamos que el contenido de esta p\u00e1gina web https:\/\/letsgonotes.com\/ (en adelante, la \u201cWeb\u201d) pertenece a LETSGONOTES [&hellip;]<\/p>\n","protected":false},"author":2,"featured_media":0,"parent":0,"menu_order":0,"comment_status":"closed","ping_status":"closed","template":"","meta":{"_et_pb_use_builder":"on","_et_pb_old_content":"","_et_gb_content_width":"","footnotes":""},"class_list":["post-998","page","type-page","status-publish","hentry"],"_links":{"self":[{"href":"https:\/\/letsgonotes.com\/fr\/wp-json\/wp\/v2\/pages\/998","targetHints":{"allow":["GET"]}}],"collection":[{"href":"https:\/\/letsgonotes.com\/fr\/wp-json\/wp\/v2\/pages"}],"about":[{"href":"https:\/\/letsgonotes.com\/fr\/wp-json\/wp\/v2\/types\/page"}],"author":[{"embeddable":true,"href":"https:\/\/letsgonotes.com\/fr\/wp-json\/wp\/v2\/users\/2"}],"replies":[{"embeddable":true,"href":"https:\/\/letsgonotes.com\/fr\/wp-json\/wp\/v2\/comments?post=998"}],"version-history":[{"count":1,"href":"https:\/\/letsgonotes.com\/fr\/wp-json\/wp\/v2\/pages\/998\/revisions"}],"predecessor-version":[{"id":4157,"href":"https:\/\/letsgonotes.com\/fr\/wp-json\/wp\/v2\/pages\/998\/revisions\/4157"}],"wp:attachment":[{"href":"https:\/\/letsgonotes.com\/fr\/wp-json\/wp\/v2\/media?parent=998"}],"curies":[{"name":"wp","href":"https:\/\/api.w.org\/{rel}","templated":true}]}}